{"id":3201,"date":"2023-02-13T14:56:01","date_gmt":"2023-02-13T13:56:01","guid":{"rendered":"https:\/\/www.thomisteiger.ch\/?page_id=3201"},"modified":"2025-12-26T12:39:52","modified_gmt":"2025-12-26T11:39:52","slug":"jazz-23","status":"publish","type":"page","link":"https:\/\/www.thomisteiger.ch\/index.php\/jazz-23\/","title":{"rendered":"Jazz 23"},"content":{"rendered":"<p>[et_pb_section fb_built=&#8221;1&#8243; _builder_version=&#8221;4.0.6&#8243;][et_pb_row _builder_version=&#8221;4.0.6&#8243;][et_pb_column type=&#8221;4_4&#8243; _builder_version=&#8221;4.0.6&#8243;][et_pb_code _builder_version=&#8221;4.0.6&#8243; custom_padding=&#8221;|1px||||&#8221;]<iframe loading=\"lazy\" width=\"100%\" height=\"300\" scrolling=\"no\" frameborder=\"no\" allow=\"autoplay\" src=\"https:\/\/w.soundcloud.com\/player\/?url=https%3A\/\/api.soundcloud.com\/tracks\/1249472968&#038;color=%23ff5500&#038;auto_play=false&#038;hide_related=false&#038;show_comments=true&#038;show_user=true&#038;show_reposts=false&#038;show_teaser=true&#038;visual=true\"><\/iframe><\/p>\n<div style=\"font-size: 10px; color: #cccccc;line-break: anywhere;word-break: normal;overflow: hidden;white-space: nowrap;text-overflow: ellipsis; font-family: Interstate,Lucida Grande,Lucida Sans Unicode,Lucida Sans,Garuda,Verdana,Tahoma,sans-serif;font-weight: 100;\"><a href=\"https:\/\/soundcloud.com\/th-steiger\" title=\"th.steiger\" target=\"_blank\" style=\"color: #cccccc; text-decoration: none;\" rel=\"noopener\">th.steiger<\/a> \u00b7 <a href=\"https:\/\/soundcloud.com\/th-steiger\/tb-demo-2022\" title=\"T&#038;B D\u00e9mo 2022\" target=\"_blank\" style=\"color: #cccccc; text-decoration: none;\" rel=\"noopener\">T&#038;B D\u00e9mo 2022<\/a><\/div>\n<p>[\/et_pb_code][\/et_pb_column][\/et_pb_row][\/et_pb_section][et_pb_section fb_built=&#8221;1&#8243; _builder_version=&#8221;4.0.6&#8243; height=&#8221;170px&#8221; custom_margin=&#8221;-19px|||||&#8221; custom_padding=&#8221;||0px|||&#8221;][et_pb_row _builder_version=&#8221;4.0.6&#8243; min_height=&#8221;186px&#8221;][et_pb_column type=&#8221;4_4&#8243; _builder_version=&#8221;4.0.6&#8243;][et_pb_text admin_label=&#8221;Text&#8221; _builder_version=&#8221;4.0.6&#8243; custom_padding=&#8221;||9px|||&#8221;]<\/p>\n<div class=\"page\" title=\"Page 2\">\n<div class=\"section\">\n<div class=\"layoutArea\">\n<div class=\"column\">\n<p><span><b>T&amp;B ( en fran\u00e7ais )<\/b> :\u00a0Thomas Steiger : guitare acoustique \u00a0\u00a0Bill Holden : trompette, bugle, flugabone, chant\u00a0\u00a0<\/span><\/p>\n<p><span>Sur un air de Chet Baker, une contre m\u00e9lodie est tiss\u00e9e par le bugle souffl\u00e9 de Bill, alors que Thomas pose des harmonies avec un doigt\u00e9 discret sur sa guitare acoustique\u2026 Peu apr\u00e8s, les paroles de <i>Just Friends <\/i>prennent vie quand Bill se lance en \u201ccrooner\u201d. Le r\u00e9pertoire du duo T&amp;B se d\u00e9voile au fur et \u00e0 mesure que les deux musiciens chevronn\u00e9s interpr\u00e8tent des bijoux de Thelonious Monk, Horace Silver, Wayne Shorter et encore.\u00a0<\/span><\/p>\n<p><span>L\u2019atmosph\u00e8re d\u00e9gag\u00e9e par ce duo acoustique est intimiste, l\u00e9g\u00e8rement piment\u00e9e par des arrangements des grands du jazz ainsi que des \u201ccompos\u201d originales soulignant l\u2019alliage fin des sons de bugle, trompette bouch\u00e9e ou voix avec ceux de la guitare acoustique.<\/span><\/p>\n<p><span><\/span><\/p>\n<\/div>\n<\/div>\n<\/div>\n<\/div>\n<p>[\/et_pb_text][\/et_pb_column][\/et_pb_row][\/et_pb_section][et_pb_section fb_built=&#8221;1&#8243; _builder_version=&#8221;4.0.6&#8243; min_height=&#8221;154px&#8221; height=&#8221;156px&#8221; custom_margin=&#8221;-16px|||||&#8221; custom_padding=&#8221;||25px|1px||&#8221;][et_pb_row _builder_version=&#8221;4.0.6&#8243; min_height=&#8221;141px&#8221; custom_margin=&#8221;8px|auto||auto||&#8221;][et_pb_column type=&#8221;4_4&#8243; _builder_version=&#8221;4.0.6&#8243;][et_pb_text _builder_version=&#8221;4.0.6&#8243; min_height=&#8221;158px&#8221;]<\/p>\n<div class=\"page\" title=\"Page 4\">\n<div class=\"section\">\n<div class=\"layoutArea\">\n<div class=\"column\">\n<p><span><b>T&amp;B<\/b>\u00a0<strong>( auf Deutsch )\u00a0<\/strong>:\u00a0Thomas Steiger : Akustische Gitarre \u2013 Bill Holden : Trompete, Fl\u00fcgelhorn, Kornett, Gesang<\/span><\/p>\n<p><span>Eine leichte Improvisation wird um eine der bekannteren Melodien von Chet Baker gewoben, die von Bills Fl\u00fcgelhorn fast gefl\u00fcstert wird, w\u00e4hrend Thomas dank seines geschickten Fingerspiels auf einer herrlichen akustischen Gitarre einen reichen harmonischen Teppich auslegt. Bald darauf wechselt Bill in den \u00abCrooner\u00bb-Modus, wenn er den Text von Just Friends singt. Dies ist ein hervorragendes Beispiel f\u00fcr das einzigartige Repertoire des Duos T&amp;B, das Werke von Horace Silver, Thelonious Monk und Wayne Shorter interpretiert, um nur einige der Jazzlegenden zu nennen, denen sie Tribut zollen.<\/span><br \/><span>Ausgew\u00e4hlte Eigenkompositionen von Thomas und Bill vervollst\u00e4ndigen das musikalische Tableau, das dieses Duo erfahrener Musiker bietet.<\/span><\/p>\n<\/div>\n<\/div>\n<\/div>\n<\/div>\n<p>[\/et_pb_text][\/et_pb_column][\/et_pb_row][\/et_pb_section][et_pb_section fb_built=&#8221;1&#8243; _builder_version=&#8221;4.0.6&#8243; height=&#8221;171px&#8221; custom_margin=&#8221;-16px|||||&#8221; custom_padding=&#8221;||39px|||&#8221;][et_pb_row _builder_version=&#8221;4.0.6&#8243; min_height=&#8221;121px&#8221;][et_pb_column type=&#8221;4_4&#8243; _builder_version=&#8221;4.0.6&#8243;][et_pb_text _builder_version=&#8221;4.0.6&#8243; custom_margin=&#8221;7px|||||&#8221; custom_padding=&#8221;||23px|||&#8221;]<\/p>\n<p><span><b>T&amp;B ( in english )<\/b> : Thomas Steiger : acoustic guitare<span class=\"Apple-converted-space\">\u00a0 \u00a0 <\/span>Bill Holden : trumpet, flugelhorn, flugabone, vocals\u00a0<\/span><\/p>\n<p><span>A light improvisation is woven around one of Chet Baker\u2019s better known melodies, almost whispered with Bill\u2019s flugelhorn, while Thomas lays out a rich harmonic carpet thanks to his astute fingering on a magnificent acoustic guitare. Soon afterwards, Bill transforms into \u201ccrooner\u201d mode as he sings the lyrics of <i>Just Friends. <\/i>This is an excellent example of the unique repertory of the duo T&amp;B who interpret works by Horace Silver, Thelonious Monk, Wayne Shorter, to mention a few of the jazz legends whom they pay tribute to.\u00a0\u00a0<\/span><\/p>\n<p><span>Choice original compositions by Thomas and Bill complete the musical tableau proposed by this duo of seasoned musicians.<\/span><\/p>\n<p>[\/et_pb_text][\/et_pb_column][\/et_pb_row][\/et_pb_section][et_pb_section fb_built=&#8221;1&#8243; inner_shadow=&#8221;on&#8221; _builder_version=&#8221;4.0.6&#8243; width=&#8221;100%&#8221;][et_pb_row _builder_version=&#8221;4.0.6&#8243;][et_pb_column type=&#8221;4_4&#8243; _builder_version=&#8221;4.0.6&#8243;][et_pb_gallery gallery_ids=&#8221;3149,2993&#8243; fullwidth=&#8221;on&#8221; admin_label=&#8221;Photos Catherine Meyer&#8221; _builder_version=&#8221;4.0.6&#8243; background_color=&#8221;#000000&#8243;][\/et_pb_gallery][et_pb_text _builder_version=&#8221;4.0.6&#8243; custom_padding=&#8221;6px||1px|||&#8221;][\/et_pb_text][\/et_pb_column][\/et_pb_row][\/et_pb_section]<\/p>\n","protected":false},"excerpt":{"rendered":"<p>[et_pb_section fb_built=&#8221;1&#8243; _builder_version=&#8221;4.0.6&#8243;][et_pb_row _builder_version=&#8221;4.0.6&#8243;][et_pb_column type=&#8221;4_4&#8243; _builder_version=&#8221;4.0.6&#8243;][et_pb_code _builder_version=&#8221;4.0.6&#8243; custom_padding=&#8221;|1px||||&#8221;] th.steiger \u00b7 T&#038;B D\u00e9mo 2022 [\/et_pb_code][\/et_pb_column][\/et_pb_row][\/et_pb_section][et_pb_section fb_built=&#8221;1&#8243; _builder_version=&#8221;4.0.6&#8243; height=&#8221;170px&#8221; custom_margin=&#8221;-19px|||||&#8221; custom_padding=&#8221;||0px|||&#8221;][et_pb_row _builder_version=&#8221;4.0.6&#8243; min_height=&#8221;186px&#8221;][et_pb_column type=&#8221;4_4&#8243; _builder_version=&#8221;4.0.6&#8243;][et_pb_text admin_label=&#8221;Text&#8221; _builder_version=&#8221;4.0.6&#8243; custom_padding=&#8221;||9px|||&#8221;] T&amp;B ( en fran\u00e7ais ) :\u00a0Thomas Steiger : guitare acoustique \u00a0\u00a0Bill Holden : trompette, bugle, flugabone, chant\u00a0\u00a0 Sur un air de Chet Baker, une contre m\u00e9lodie est tiss\u00e9e par [&hellip;]<\/p>\n","protected":false},"author":1,"featured_media":0,"parent":0,"menu_order":0,"comment_status":"closed","ping_status":"closed","template":"","meta":{"_et_pb_use_builder":"on","_et_pb_old_content":"","_uag_custom_page_level_css":"","footnotes":""},"class_list":["post-3201","page","type-page","status-publish","hentry"],"uagb_featured_image_src":{"full":false,"thumbnail":false,"medium":false,"medium_large":false,"large":false,"1536x1536":false,"2048x2048":false,"et-pb-post-main-image":false,"et-pb-post-main-image-fullwidth":false,"et-pb-portfolio-image":false,"et-pb-portfolio-module-image":false,"et-pb-portfolio-image-single":false,"et-pb-gallery-module-image-portrait":false,"et-pb-post-main-image-fullwidth-large":false,"et-pb-image--responsive--desktop":false,"et-pb-image--responsive--tablet":false,"et-pb-image--responsive--phone":false},"uagb_author_info":{"display_name":"thomisteiger_admin","author_link":"https:\/\/www.thomisteiger.ch\/index.php\/author\/thomisteiger_admin\/"},"uagb_comment_info":0,"uagb_excerpt":"[et_pb_section fb_built=&#8221;1&#8243; _builder_version=&#8221;4.0.6&#8243;][et_pb_row _builder_version=&#8221;4.0.6&#8243;][et_pb_column type=&#8221;4_4&#8243; _builder_version=&#8221;4.0.6&#8243;][et_pb_code _builder_version=&#8221;4.0.6&#8243; custom_padding=&#8221;|1px||||&#8221;] th.steiger \u00b7 T&#038;B D\u00e9mo 2022 [\/et_pb_code][\/et_pb_column][\/et_pb_row][\/et_pb_section][et_pb_section fb_built=&#8221;1&#8243; _builder_version=&#8221;4.0.6&#8243; height=&#8221;170px&#8221; custom_margin=&#8221;-19px|||||&#8221; custom_padding=&#8221;||0px|||&#8221;][et_pb_row _builder_version=&#8221;4.0.6&#8243; min_height=&#8221;186px&#8221;][et_pb_column type=&#8221;4_4&#8243; _builder_version=&#8221;4.0.6&#8243;][et_pb_text admin_label=&#8221;Text&#8221; _builder_version=&#8221;4.0.6&#8243; custom_padding=&#8221;||9px|||&#8221;] T&amp;B ( en fran\u00e7ais ) :\u00a0Thomas Steiger : guitare acoustique \u00a0\u00a0Bill Holden : trompette, bugle, flugabone, chant\u00a0\u00a0 Sur un air de Chet Baker, une contre m\u00e9lodie est tiss\u00e9e par&hellip;","_links":{"self":[{"href":"https:\/\/www.thomisteiger.ch\/index.php\/wp-json\/wp\/v2\/pages\/3201","targetHints":{"allow":["GET"]}}],"collection":[{"href":"https:\/\/www.thomisteiger.ch\/index.php\/wp-json\/wp\/v2\/pages"}],"about":[{"href":"https:\/\/www.thomisteiger.ch\/index.php\/wp-json\/wp\/v2\/types\/page"}],"author":[{"embeddable":true,"href":"https:\/\/www.thomisteiger.ch\/index.php\/wp-json\/wp\/v2\/users\/1"}],"replies":[{"embeddable":true,"href":"https:\/\/www.thomisteiger.ch\/index.php\/wp-json\/wp\/v2\/comments?post=3201"}],"version-history":[{"count":9,"href":"https:\/\/www.thomisteiger.ch\/index.php\/wp-json\/wp\/v2\/pages\/3201\/revisions"}],"predecessor-version":[{"id":3218,"href":"https:\/\/www.thomisteiger.ch\/index.php\/wp-json\/wp\/v2\/pages\/3201\/revisions\/3218"}],"wp:attachment":[{"href":"https:\/\/www.thomisteiger.ch\/index.php\/wp-json\/wp\/v2\/media?parent=3201"}],"curies":[{"name":"wp","href":"https:\/\/api.w.org\/{rel}","templated":true}]}}