{"id":2705,"date":"2022-02-06T18:20:20","date_gmt":"2022-02-06T17:20:20","guid":{"rendered":"https:\/\/www.thomisteiger.ch\/?page_id=2705"},"modified":"2026-04-13T23:42:06","modified_gmt":"2026-04-13T21:42:06","slug":"actualites","status":"publish","type":"page","link":"https:\/\/www.thomisteiger.ch\/index.php\/fr\/actualites\/","title":{"rendered":"Actualit\u00e9s"},"content":{"rendered":"<p>[et_pb_section fb_built=&#8221;1&#8243; _builder_version=&#8221;4.0.6&#8243;][et_pb_row column_structure=&#8221;2_5,3_5&#8243; _builder_version=&#8221;4.0.6&#8243; custom_margin=&#8221;|auto|-19px|24px||&#8221; custom_padding=&#8221;|1px||||&#8221;][et_pb_column type=&#8221;2_5&#8243; _builder_version=&#8221;4.0.6&#8243;][et_pb_image src=&#8221;https:\/\/www.thomisteiger.ch\/wp-content\/uploads\/2026\/04\/Plume-2.jpg&#8221; _builder_version=&#8221;4.0.6&#8243;][\/et_pb_image][\/et_pb_column][et_pb_column type=&#8221;3_5&#8243; _builder_version=&#8221;4.0.6&#8243; background_color=&#8221;#ffffff&#8221; custom_padding=&#8221;11px|70px|0px|50px|false|false&#8221; link_option_url_new_window=&#8221;on&#8221;][et_pb_text admin_label=&#8221;Text&#8221; _builder_version=&#8221;4.0.6&#8243; text_font_size=&#8221;48px&#8221; text_letter_spacing=&#8221;3px&#8221; text_line_height=&#8221;1.2em&#8221; min_height=&#8221;325px&#8221; custom_margin=&#8221;||128px|||&#8221; custom_padding=&#8221;||0px|||&#8221; text_text_shadow_style=&#8221;preset3&#8243; inline_fonts=&#8221;Verdana&#8221;]<\/p>\n<h4 style=\"text-align: left;\"><span style=\"font-size: large;\"><strong>Prix litt\u00e9raire Objectif Plume 2026\u00a0<\/strong><\/span><\/h4>\n<h4 style=\"text-align: left;\">\u00a0<\/h4>\n<h4 style=\"text-align: left;\"><span style=\"font-weight: normal; font-size: large;\">Remise des prix publique<\/span><\/h4>\n<h4 style=\"text-align: left;\">\u00a0<\/h4>\n<h4 style=\"text-align: left;\"><span style=\"font-weight: normal; font-size: large;\">Samedi 25 avril \u00e0\u00a017 heures\u00a0Pavillon des F\u00eates<\/span><\/h4>\n<h4 style=\"text-align: left;\"><span style=\"font-weight: normal; font-size: large;\"> du\u00a0village des Planchettes.\u00a0<\/span><\/h4>\n<h4 style=\"text-align: left;\">\u00a0<\/h4>\n<h4 style=\"text-align: left;\"><span style=\"font-weight: normal; font-size: large;\">Lecture et musique:<\/span><\/h4>\n<h4 style=\"text-align: left;\">\u00a0<\/h4>\n<h4 style=\"text-align: left;\"><span style=\"font-weight: normal; font-size: large;\">Aurore Faivre<\/span><\/h4>\n<h4 style=\"text-align: left;\"><span style=\"font-weight: normal; font-size: large;\">Blaise Froidevaux<\/span><\/h4>\n<h4 style=\"text-align: left;\"><span style=\"font-weight: normal; font-size: large;\">Thomas Steiger<\/span><\/h4>\n<h4 style=\"text-align: left;\"><span style=\"font-weight: normal; font-size: large;\">Philippe Fromont<\/span><\/h4>\n<h4 style=\"text-align: left;\">\u00a0<\/h4>\n<h4 style=\"text-align: left;\"><span style=\"font-weight: normal; font-size: large;\">La remise des prix sera suivi d\u2019un<\/span><\/h4>\n<h4 style=\"text-align: left;\"><span style=\"font-weight: normal; font-size: large;\"> \u00ab Petit Festin Litt\u00e9raire \u00bb au chapeau<\/span><\/h4>\n<h4 style=\"text-align: left;\">\u00a0<\/h4>\n<h4 style=\"text-align: left;\"><span style=\"font-weight: normal; font-size: large;\">Ap\u00e9rif o\ufb00ert<\/span><\/h4>\n<h4 style=\"text-align: left;\">\u00a0<\/h4>\n<h4 style=\"text-align: left;\"><span style=\"font-weight: normal; font-size: large;\">Pour le repas, r\u00e9server par t\u00e9l\u00e9phone<\/span><\/h4>\n<h4 style=\"text-align: left;\"><span style=\"font-weight: normal; font-size: large;\"> au 032 913 60 81 jusqu\u2019au 18 avril<\/span><\/h4>\n<p>[\/et_pb_text][\/et_pb_column][\/et_pb_row][\/et_pb_section]<\/p>\n","protected":false},"excerpt":{"rendered":"<p>[et_pb_section fb_built=&#8221;1&#8243; _builder_version=&#8221;4.0.6&#8243;][et_pb_row column_structure=&#8221;2_5,3_5&#8243; _builder_version=&#8221;4.0.6&#8243; custom_margin=&#8221;|auto|-19px|24px||&#8221; custom_padding=&#8221;|1px||||&#8221;][et_pb_column type=&#8221;2_5&#8243; _builder_version=&#8221;4.0.6&#8243;][et_pb_image src=&#8221;https:\/\/www.thomisteiger.ch\/wp-content\/uploads\/2026\/04\/Plume-2.jpg&#8221; _builder_version=&#8221;4.0.6&#8243;][\/et_pb_image][\/et_pb_column][et_pb_column type=&#8221;3_5&#8243; _builder_version=&#8221;4.0.6&#8243; background_color=&#8221;#ffffff&#8221; custom_padding=&#8221;11px|70px|0px|50px|false|false&#8221; link_option_url_new_window=&#8221;on&#8221;][et_pb_text admin_label=&#8221;Text&#8221; _builder_version=&#8221;4.0.6&#8243; text_font_size=&#8221;48px&#8221; text_letter_spacing=&#8221;3px&#8221; text_line_height=&#8221;1.2em&#8221; min_height=&#8221;325px&#8221; custom_margin=&#8221;||128px|||&#8221; custom_padding=&#8221;||0px|||&#8221; text_text_shadow_style=&#8221;preset3&#8243; inline_fonts=&#8221;Verdana&#8221;] Prix litt\u00e9raire Objectif Plume 2026\u00a0 \u00a0 Remise des prix publique \u00a0 Samedi 25 avril \u00e0\u00a017 heures\u00a0Pavillon des F\u00eates du\u00a0village des Planchettes.\u00a0 \u00a0 Lecture et musique: \u00a0 Aurore Faivre Blaise [&hellip;]<\/p>\n","protected":false},"author":1,"featured_media":0,"parent":0,"menu_order":0,"comment_status":"closed","ping_status":"closed","template":"","meta":{"_et_pb_use_builder":"on","_et_pb_old_content":"","_uag_custom_page_level_css":"","footnotes":""},"class_list":["post-2705","page","type-page","status-publish","hentry"],"uagb_featured_image_src":{"full":false,"thumbnail":false,"medium":false,"medium_large":false,"large":false,"1536x1536":false,"2048x2048":false,"et-pb-post-main-image":false,"et-pb-post-main-image-fullwidth":false,"et-pb-portfolio-image":false,"et-pb-portfolio-module-image":false,"et-pb-portfolio-image-single":false,"et-pb-gallery-module-image-portrait":false,"et-pb-post-main-image-fullwidth-large":false,"et-pb-image--responsive--desktop":false,"et-pb-image--responsive--tablet":false,"et-pb-image--responsive--phone":false},"uagb_author_info":{"display_name":"thomisteiger_admin","author_link":"https:\/\/www.thomisteiger.ch\/index.php\/author\/thomisteiger_admin\/"},"uagb_comment_info":0,"uagb_excerpt":"[et_pb_section fb_built=&#8221;1&#8243; _builder_version=&#8221;4.0.6&#8243;][et_pb_row column_structure=&#8221;2_5,3_5&#8243; _builder_version=&#8221;4.0.6&#8243; custom_margin=&#8221;|auto|-19px|24px||&#8221; custom_padding=&#8221;|1px||||&#8221;][et_pb_column type=&#8221;2_5&#8243; _builder_version=&#8221;4.0.6&#8243;][et_pb_image src=&#8221;https:\/\/www.thomisteiger.ch\/wp-content\/uploads\/2026\/04\/Plume-2.jpg&#8221; _builder_version=&#8221;4.0.6&#8243;][\/et_pb_image][\/et_pb_column][et_pb_column type=&#8221;3_5&#8243; _builder_version=&#8221;4.0.6&#8243; background_color=&#8221;#ffffff&#8221; custom_padding=&#8221;11px|70px|0px|50px|false|false&#8221; link_option_url_new_window=&#8221;on&#8221;][et_pb_text admin_label=&#8221;Text&#8221; _builder_version=&#8221;4.0.6&#8243; text_font_size=&#8221;48px&#8221; text_letter_spacing=&#8221;3px&#8221; text_line_height=&#8221;1.2em&#8221; min_height=&#8221;325px&#8221; custom_margin=&#8221;||128px|||&#8221; custom_padding=&#8221;||0px|||&#8221; text_text_shadow_style=&#8221;preset3&#8243; inline_fonts=&#8221;Verdana&#8221;] Prix litt\u00e9raire Objectif Plume 2026\u00a0 \u00a0 Remise des prix publique \u00a0 Samedi 25 avril \u00e0\u00a017 heures\u00a0Pavillon des F\u00eates du\u00a0village des Planchettes.\u00a0 \u00a0 Lecture et musique: \u00a0 Aurore Faivre Blaise&hellip;","_links":{"self":[{"href":"https:\/\/www.thomisteiger.ch\/index.php\/wp-json\/wp\/v2\/pages\/2705","targetHints":{"allow":["GET"]}}],"collection":[{"href":"https:\/\/www.thomisteiger.ch\/index.php\/wp-json\/wp\/v2\/pages"}],"about":[{"href":"https:\/\/www.thomisteiger.ch\/index.php\/wp-json\/wp\/v2\/types\/page"}],"author":[{"embeddable":true,"href":"https:\/\/www.thomisteiger.ch\/index.php\/wp-json\/wp\/v2\/users\/1"}],"replies":[{"embeddable":true,"href":"https:\/\/www.thomisteiger.ch\/index.php\/wp-json\/wp\/v2\/comments?post=2705"}],"version-history":[{"count":243,"href":"https:\/\/www.thomisteiger.ch\/index.php\/wp-json\/wp\/v2\/pages\/2705\/revisions"}],"predecessor-version":[{"id":3891,"href":"https:\/\/www.thomisteiger.ch\/index.php\/wp-json\/wp\/v2\/pages\/2705\/revisions\/3891"}],"wp:attachment":[{"href":"https:\/\/www.thomisteiger.ch\/index.php\/wp-json\/wp\/v2\/media?parent=2705"}],"curies":[{"name":"wp","href":"https:\/\/api.w.org\/{rel}","templated":true}]}}