{"id":2683,"date":"2022-02-06T21:30:07","date_gmt":"2022-02-06T20:30:07","guid":{"rendered":"https:\/\/www.thomisteiger.ch\/?page_id=2683"},"modified":"2026-04-13T23:48:22","modified_gmt":"2026-04-13T21:48:22","slug":"acta-001","status":"publish","type":"page","link":"https:\/\/www.thomisteiger.ch\/index.php\/acta-001\/","title":{"rendered":"Aktuell"},"content":{"rendered":"<p>[et_pb_section fb_built=&#8221;1&#8243; _builder_version=&#8221;4.0.6&#8243;][et_pb_row column_structure=&#8221;1_2,1_2&#8243; _builder_version=&#8221;4.0.6&#8243;][et_pb_column type=&#8221;1_2&#8243; _builder_version=&#8221;4.0.6&#8243; custom_padding=&#8221;|20px||0px|false|false&#8221;][et_pb_image src=&#8221;https:\/\/www.thomisteiger.ch\/wp-content\/uploads\/2026\/04\/Plume-1.jpg&#8221; _builder_version=&#8221;4.0.6&#8243;][\/et_pb_image][\/et_pb_column][et_pb_column type=&#8221;1_2&#8243; _builder_version=&#8221;4.0.6&#8243;][et_pb_text admin_label=&#8221;Text&#8221; _builder_version=&#8221;4.0.6&#8243;]<\/p>\n<p><span style=\"font-size: large;\"><strong>Prix litt\u00e9raire Objectif Plume 2026 <\/strong><\/span><\/p>\n<p><span style=\"font-size: large;\"><\/span><\/p>\n<p><span style=\"font-size: large;\">Remise des prix publique<\/span><\/p>\n<p class=\"p2\"><span style=\"font-size: large;\"><\/span><\/p>\n<p class=\"p2\"><span style=\"font-size: large;\">Samedi 25 avril \u00e0\u00a017 heures\u00a0Pavillon des F\u00eates <\/span><\/p>\n<p class=\"p2\"><span style=\"font-size: large;\">du\u00a0village des Planchettes<\/span><\/p>\n<p class=\"p1\"><span style=\"font-size: large;\"><strong><\/strong><\/span><\/p>\n<p class=\"p1\"><span style=\"font-size: large;\"><strong>Lecture et musique<\/strong><\/span><\/p>\n<p class=\"p1\"><span style=\"font-size: large;\"><strong><\/strong><\/span><\/p>\n<p class=\"p2\"><span style=\"font-size: large;\">Aurore Faivre<\/span><\/p>\n<p class=\"p2\"><span style=\"font-size: large;\">Blaise Froidevaux<\/span><\/p>\n<p class=\"p2\"><span style=\"font-size: large;\">Thomas Steiger<\/span><\/p>\n<p class=\"p3\"><span style=\"font-size: large;\">Philippe Fromont<\/span><\/p>\n<p class=\"p1\"><span style=\"font-size: large;\"><\/span><\/p>\n<p class=\"p1\"><span style=\"font-size: large;\">La remise des prix sera suivie d\u2019un <\/span><\/p>\n<p class=\"p1\"><span style=\"font-size: large;\">\u00ab Petit Festin Litt\u00e9raire \u00bb au chapeau<\/span><\/p>\n<p class=\"p1\"><span style=\"font-size: large;\"><\/span><\/p>\n<p class=\"p1\"><span style=\"font-size: large;\">Ap\u00e9rif o\ufb00ert<\/span><\/p>\n<p class=\"p1\"><span style=\"font-size: large;\">\u00a0<\/span><\/p>\n<p class=\"p1\"><span style=\"font-size: large;\">Pour le repas, r\u00e9server par t\u00e9l\u00e9phone au <\/span><\/p>\n<p class=\"p1\"><span style=\"font-size: large;\">032 913 60 81 jusqu\u2019au 18 avril<\/span><\/p>\n<p>[\/et_pb_text][\/et_pb_column][\/et_pb_row][\/et_pb_section]<\/p>\n","protected":false},"excerpt":{"rendered":"<p>[et_pb_section fb_built=&#8221;1&#8243; _builder_version=&#8221;4.0.6&#8243;][et_pb_row column_structure=&#8221;1_2,1_2&#8243; _builder_version=&#8221;4.0.6&#8243;][et_pb_column type=&#8221;1_2&#8243; _builder_version=&#8221;4.0.6&#8243; custom_padding=&#8221;|20px||0px|false|false&#8221;][et_pb_image src=&#8221;https:\/\/www.thomisteiger.ch\/wp-content\/uploads\/2026\/04\/Plume-1.jpg&#8221; _builder_version=&#8221;4.0.6&#8243;][\/et_pb_image][\/et_pb_column][et_pb_column type=&#8221;1_2&#8243; _builder_version=&#8221;4.0.6&#8243;][et_pb_text admin_label=&#8221;Text&#8221; _builder_version=&#8221;4.0.6&#8243;] Prix litt\u00e9raire Objectif Plume 2026 Remise des prix publique Samedi 25 avril \u00e0\u00a017 heures\u00a0Pavillon des F\u00eates du\u00a0village des Planchettes Lecture et musique Aurore Faivre Blaise Froidevaux Thomas Steiger Philippe Fromont La remise des prix sera suivie d\u2019un \u00ab Petit Festin Litt\u00e9raire [&hellip;]<\/p>\n","protected":false},"author":1,"featured_media":0,"parent":0,"menu_order":0,"comment_status":"closed","ping_status":"closed","template":"","meta":{"_et_pb_use_builder":"on","_et_pb_old_content":"","_uag_custom_page_level_css":"","footnotes":""},"class_list":["post-2683","page","type-page","status-publish","hentry"],"uagb_featured_image_src":{"full":false,"thumbnail":false,"medium":false,"medium_large":false,"large":false,"1536x1536":false,"2048x2048":false,"et-pb-post-main-image":false,"et-pb-post-main-image-fullwidth":false,"et-pb-portfolio-image":false,"et-pb-portfolio-module-image":false,"et-pb-portfolio-image-single":false,"et-pb-gallery-module-image-portrait":false,"et-pb-post-main-image-fullwidth-large":false,"et-pb-image--responsive--desktop":false,"et-pb-image--responsive--tablet":false,"et-pb-image--responsive--phone":false},"uagb_author_info":{"display_name":"thomisteiger_admin","author_link":"https:\/\/www.thomisteiger.ch\/index.php\/author\/thomisteiger_admin\/"},"uagb_comment_info":0,"uagb_excerpt":"[et_pb_section fb_built=&#8221;1&#8243; _builder_version=&#8221;4.0.6&#8243;][et_pb_row column_structure=&#8221;1_2,1_2&#8243; _builder_version=&#8221;4.0.6&#8243;][et_pb_column type=&#8221;1_2&#8243; _builder_version=&#8221;4.0.6&#8243; custom_padding=&#8221;|20px||0px|false|false&#8221;][et_pb_image src=&#8221;https:\/\/www.thomisteiger.ch\/wp-content\/uploads\/2026\/04\/Plume-1.jpg&#8221; _builder_version=&#8221;4.0.6&#8243;][\/et_pb_image][\/et_pb_column][et_pb_column type=&#8221;1_2&#8243; _builder_version=&#8221;4.0.6&#8243;][et_pb_text admin_label=&#8221;Text&#8221; _builder_version=&#8221;4.0.6&#8243;] Prix litt\u00e9raire Objectif Plume 2026 Remise des prix publique Samedi 25 avril \u00e0\u00a017 heures\u00a0Pavillon des F\u00eates du\u00a0village des Planchettes Lecture et musique Aurore Faivre Blaise Froidevaux Thomas Steiger Philippe Fromont La remise des prix sera suivie d\u2019un \u00ab Petit Festin Litt\u00e9raire&hellip;","_links":{"self":[{"href":"https:\/\/www.thomisteiger.ch\/index.php\/wp-json\/wp\/v2\/pages\/2683","targetHints":{"allow":["GET"]}}],"collection":[{"href":"https:\/\/www.thomisteiger.ch\/index.php\/wp-json\/wp\/v2\/pages"}],"about":[{"href":"https:\/\/www.thomisteiger.ch\/index.php\/wp-json\/wp\/v2\/types\/page"}],"author":[{"embeddable":true,"href":"https:\/\/www.thomisteiger.ch\/index.php\/wp-json\/wp\/v2\/users\/1"}],"replies":[{"embeddable":true,"href":"https:\/\/www.thomisteiger.ch\/index.php\/wp-json\/wp\/v2\/comments?post=2683"}],"version-history":[{"count":143,"href":"https:\/\/www.thomisteiger.ch\/index.php\/wp-json\/wp\/v2\/pages\/2683\/revisions"}],"predecessor-version":[{"id":3893,"href":"https:\/\/www.thomisteiger.ch\/index.php\/wp-json\/wp\/v2\/pages\/2683\/revisions\/3893"}],"wp:attachment":[{"href":"https:\/\/www.thomisteiger.ch\/index.php\/wp-json\/wp\/v2\/media?parent=2683"}],"curies":[{"name":"wp","href":"https:\/\/api.w.org\/{rel}","templated":true}]}}