{"id":2317,"date":"2021-03-11T18:45:22","date_gmt":"2021-03-11T17:45:22","guid":{"rendered":"https:\/\/www.thomisteiger.ch\/?page_id=2317"},"modified":"2021-08-08T23:22:52","modified_gmt":"2021-08-08T21:22:52","slug":"contact-2","status":"publish","type":"page","link":"https:\/\/www.thomisteiger.ch\/index.php\/contact-2\/","title":{"rendered":"&#8220;CONTACT&#8221;"},"content":{"rendered":"<p>[et_pb_section fb_built=&#8221;1&#8243; _builder_version=&#8221;4.0.6&#8243;][et_pb_row _builder_version=&#8221;4.0.6&#8243;][et_pb_column type=&#8221;4_4&#8243; _builder_version=&#8221;4.0.6&#8243;][et_pb_text _builder_version=&#8221;4.0.6&#8243;]<\/p>\n<h1 style=\"text-align: center;\">&#8220;c-\u03a9-n-t-\u03b1-c-t &#8220;<\/h1>\n<p style=\"text-align: center;\">Exp\u00e9rience th\u00e9\u00e2trale distanci\u00e9e . Concept et mise en sc\u00e8ne : Samuel Sen\u00e9, texte : Eric Chantelauze, musique et design sonore : Cyril Barbessol.<\/p>\n<p style=\"text-align: center;\">Producteur de la version Suisse : Adrien Gygax.<\/p>\n<p style=\"text-align: center;\">Com\u00e9diens (en alternance) : Juliette Verneray, Carole Schafroth, Yves Adam et Thomas Steiger,<\/p>\n<p>[\/et_pb_text][\/et_pb_column][\/et_pb_row][\/et_pb_section][et_pb_section fb_built=&#8221;1&#8243; _builder_version=&#8221;4.0.6&#8243; min_height=&#8221;622px&#8221; custom_margin=&#8221;-20px|||||&#8221;][et_pb_row _builder_version=&#8221;4.0.6&#8243; custom_padding=&#8221;||0px|||&#8221;][et_pb_column type=&#8221;4_4&#8243; _builder_version=&#8221;4.0.6&#8243;][et_pb_image src=&#8221;https:\/\/www.thomisteiger.ch\/wp-content\/uploads\/2021\/03\/Contact-01-1.jpg&#8221; align=&#8221;center&#8221; _builder_version=&#8221;4.0.6&#8243; width=&#8221;100%&#8221; max_width=&#8221;100%&#8221; height=&#8221;600px&#8221; custom_padding=&#8221;0px||0px|||&#8221;][\/et_pb_image][\/et_pb_column][\/et_pb_row][\/et_pb_section][et_pb_section fb_built=&#8221;1&#8243; _builder_version=&#8221;4.0.6&#8243;][et_pb_row _builder_version=&#8221;4.0.6&#8243;][et_pb_column type=&#8221;4_4&#8243; _builder_version=&#8221;4.0.6&#8243;][et_pb_text _builder_version=&#8221;4.0.6&#8243; custom_padding=&#8221;||1px|||&#8221;]<\/p>\n<p style=\"text-align: center;\">Dans un monde o\u00f9 la distanciation physique est devenue la norme, Sarah se fait aborder dans la rue. Mais cet \u00e9trange passant se r\u00e9v\u00e8le \u00eatre bien plus qu\u2019il ne semble.<\/p>\n<p style=\"text-align: center;\">Quel est ce personnage, capable de rendre la pens\u00e9e audible, de toucher au c\u0153ur de l\u2019intime ?<\/p>\n<h3 style=\"text-align: center;\">c-\u03a9-n-t-\u03b1-c-t, c\u2019est\u2026<\/h3>\n<p style=\"text-align: center;\"><span>L\u2019histoire d\u2019une rencontre inattendue et bouleversante<\/span><\/p>\n<p style=\"text-align: center;\"><span>Du th\u00e9\u00e2tre d\u00e9ambulatoire dans les rues de votre ville<\/span><\/p>\n<p style=\"text-align: center;\"><span>Un moment artistique d\u2019un tout nouveau genre : \u00e0 la crois\u00e9e de l\u2019immersif et de l\u2019exp\u00e9rience sensorielle gr\u00e2ce \u00e0 une bande audio 3D<\/span><\/p>\n<p style=\"text-align: center;\"><span>Une application install\u00e9e en deux clics qui se met au service du th\u00e9\u00e2tre<\/span><\/p>\n<p style=\"text-align: center;\"><span><\/span><\/p>\n<p style=\"text-align: center;\"><span><\/span><\/p>\n<h4 style=\"text-align: center;\"><strong>Liens : Site web <a href=\"https:\/\/c-o-n-t-a-c-t.fr\/\">c-o-n-t-a-c-t\u00a0<\/a>\u00a0 \u00a0 \u00a0 \u00a0 \u00a0 \u00a0T\u00e9l\u00e9journal <a href=\"https:\/\/www.rts.ch\/video\/info\/journal-19h30\/12007715-les-theatres-sont-fermes-depuis-des-mois-mais-les-artistes-continuent-a-travailler-et-cherchent-toutes-les-solutions-possibles.html\">RTS<\/a>\u00a0 \u00a0 \u00a0 \u00a0 \u00a0 Reportage <a href=\"https:\/\/www.canalalpha.ch\/play\/90-secondes\/episode\/21797\/spectacle-mime-sans-contact\">Canal Alpha<\/a><\/strong><\/h4>\n<p style=\"text-align: center;\">Contact a d\u00e9j\u00e0 pass\u00e9 par Neuch\u00e2tel, Lausanne, Rolle, Le Locle et Vevey<\/p>\n<p>[\/et_pb_text][\/et_pb_column][\/et_pb_row][\/et_pb_section][et_pb_section fb_built=&#8221;1&#8243; _builder_version=&#8221;4.0.6&#8243;][et_pb_row _builder_version=&#8221;4.0.6&#8243; custom_margin=&#8221;-21px|auto||auto||&#8221;][et_pb_column type=&#8221;4_4&#8243; _builder_version=&#8221;4.0.6&#8243;][et_pb_image src=&#8221;https:\/\/www.thomisteiger.ch\/wp-content\/uploads\/2021\/03\/Toucher-sans-contact-Le-Courrier.jpg&#8221; _builder_version=&#8221;4.0.6&#8243; custom_padding=&#8221;||0px|||&#8221;][\/et_pb_image][\/et_pb_column][\/et_pb_row][\/et_pb_section][et_pb_section fb_built=&#8221;1&#8243; _builder_version=&#8221;4.0.6&#8243;][et_pb_row _builder_version=&#8221;4.0.6&#8243;][et_pb_column type=&#8221;4_4&#8243; _builder_version=&#8221;4.0.6&#8243;][et_pb_image src=&#8221;https:\/\/www.thomisteiger.ch\/wp-content\/uploads\/2021\/03\/Contact-ArcInfo.jpg&#8221; _builder_version=&#8221;4.0.6&#8243;][\/et_pb_image][\/et_pb_column][\/et_pb_row][\/et_pb_section]<\/p>\n","protected":false},"excerpt":{"rendered":"<p>[et_pb_section fb_built=&#8221;1&#8243; _builder_version=&#8221;4.0.6&#8243;][et_pb_row _builder_version=&#8221;4.0.6&#8243;][et_pb_column type=&#8221;4_4&#8243; _builder_version=&#8221;4.0.6&#8243;][et_pb_text _builder_version=&#8221;4.0.6&#8243;] &#8220;c-\u03a9-n-t-\u03b1-c-t &#8220; Exp\u00e9rience th\u00e9\u00e2trale distanci\u00e9e . Concept et mise en sc\u00e8ne : Samuel Sen\u00e9, texte : Eric Chantelauze, musique et design sonore : Cyril Barbessol. Producteur de la version Suisse : Adrien Gygax. Com\u00e9diens (en alternance) : Juliette Verneray, Carole Schafroth, Yves Adam et Thomas Steiger, [\/et_pb_text][\/et_pb_column][\/et_pb_row][\/et_pb_section][et_pb_section fb_built=&#8221;1&#8243; [&hellip;]<\/p>\n","protected":false},"author":1,"featured_media":0,"parent":0,"menu_order":0,"comment_status":"closed","ping_status":"closed","template":"","meta":{"_et_pb_use_builder":"on","_et_pb_old_content":"","_uag_custom_page_level_css":"","footnotes":""},"class_list":["post-2317","page","type-page","status-publish","hentry"],"uagb_featured_image_src":{"full":false,"thumbnail":false,"medium":false,"medium_large":false,"large":false,"1536x1536":false,"2048x2048":false,"et-pb-post-main-image":false,"et-pb-post-main-image-fullwidth":false,"et-pb-portfolio-image":false,"et-pb-portfolio-module-image":false,"et-pb-portfolio-image-single":false,"et-pb-gallery-module-image-portrait":false,"et-pb-post-main-image-fullwidth-large":false,"et-pb-image--responsive--desktop":false,"et-pb-image--responsive--tablet":false,"et-pb-image--responsive--phone":false},"uagb_author_info":{"display_name":"thomisteiger_admin","author_link":"https:\/\/www.thomisteiger.ch\/index.php\/author\/thomisteiger_admin\/"},"uagb_comment_info":0,"uagb_excerpt":"[et_pb_section fb_built=&#8221;1&#8243; _builder_version=&#8221;4.0.6&#8243;][et_pb_row _builder_version=&#8221;4.0.6&#8243;][et_pb_column type=&#8221;4_4&#8243; _builder_version=&#8221;4.0.6&#8243;][et_pb_text _builder_version=&#8221;4.0.6&#8243;] &#8220;c-\u03a9-n-t-\u03b1-c-t &#8220; Exp\u00e9rience th\u00e9\u00e2trale distanci\u00e9e . Concept et mise en sc\u00e8ne : Samuel Sen\u00e9, texte : Eric Chantelauze, musique et design sonore : Cyril Barbessol. Producteur de la version Suisse : Adrien Gygax. Com\u00e9diens (en alternance) : Juliette Verneray, Carole Schafroth, Yves Adam et Thomas Steiger, [\/et_pb_text][\/et_pb_column][\/et_pb_row][\/et_pb_section][et_pb_section fb_built=&#8221;1&#8243;&hellip;","_links":{"self":[{"href":"https:\/\/www.thomisteiger.ch\/index.php\/wp-json\/wp\/v2\/pages\/2317","targetHints":{"allow":["GET"]}}],"collection":[{"href":"https:\/\/www.thomisteiger.ch\/index.php\/wp-json\/wp\/v2\/pages"}],"about":[{"href":"https:\/\/www.thomisteiger.ch\/index.php\/wp-json\/wp\/v2\/types\/page"}],"author":[{"embeddable":true,"href":"https:\/\/www.thomisteiger.ch\/index.php\/wp-json\/wp\/v2\/users\/1"}],"replies":[{"embeddable":true,"href":"https:\/\/www.thomisteiger.ch\/index.php\/wp-json\/wp\/v2\/comments?post=2317"}],"version-history":[{"count":20,"href":"https:\/\/www.thomisteiger.ch\/index.php\/wp-json\/wp\/v2\/pages\/2317\/revisions"}],"predecessor-version":[{"id":2528,"href":"https:\/\/www.thomisteiger.ch\/index.php\/wp-json\/wp\/v2\/pages\/2317\/revisions\/2528"}],"wp:attachment":[{"href":"https:\/\/www.thomisteiger.ch\/index.php\/wp-json\/wp\/v2\/media?parent=2317"}],"curies":[{"name":"wp","href":"https:\/\/api.w.org\/{rel}","templated":true}]}}