{"id":1956,"date":"2020-04-06T15:27:51","date_gmt":"2020-04-06T13:27:51","guid":{"rendered":"https:\/\/www.thomisteiger.ch\/?page_id=1956"},"modified":"2025-11-12T12:19:35","modified_gmt":"2025-11-12T11:19:35","slug":"entree","status":"publish","type":"page","link":"https:\/\/www.thomisteiger.ch\/index.php\/fr\/entree\/","title":{"rendered":"Entr\u00e9e"},"content":{"rendered":"<p>[et_pb_section fb_built=&#8221;1&#8243; _builder_version=&#8221;4.0.6&#8243; background_color=&#8221;#e2e2e2&#8243; background_image=&#8221;https:\/\/www.thomisteiger.ch\/wp-content\/uploads\/2020\/04\/Paulo-nb.png&#8221; min_height=&#8221;716px&#8221; custom_margin=&#8221;||0px|||&#8221; custom_padding=&#8221;||268px|||&#8221;][et_pb_row _builder_version=&#8221;4.0.6&#8243; min_height=&#8221;593px&#8221; custom_padding=&#8221;||0px|||&#8221;][et_pb_column type=&#8221;4_4&#8243; _builder_version=&#8221;4.0.6&#8243;][et_pb_text admin_label=&#8221;Text&#8221; _builder_version=&#8221;4.0.6&#8243; text_font_size=&#8221;6px&#8221; text_letter_spacing=&#8221;1px&#8221; width=&#8221;86.8%&#8221; min_height=&#8221;655px&#8221; custom_margin=&#8221;||1px|||&#8221; custom_padding=&#8221;||0px|34px||&#8221;]<\/p>\n<p><span><\/span><\/p>\n<p>&nbsp;<\/p>\n<p>\u00a0<strong style=\"color: #f9f9f9; font-size: 14px;\">Musique<\/strong><\/p>\n<p>\u00a0<span style=\"color: #f9f9f9; font-size: 14px;\">guitare classique et \u00e9lectrique, percussions, keyboards, piano, chant, composition<\/span><\/p>\n<p><span style=\"color: #fcfcfc; font-size: 14px;\">une grande partie de ma vie de 1983 \u00e0 2010 :<strong> <a href=\"https:\/\/www.thomisteiger.ch\/index.php\/fr\/angklung-duo\/\">&#8220;angklung-duo&#8221;<\/a>\u00a0<\/strong>,\u00a0<span>spectacle musical\u00a0<\/span>avec Georg Wiesmann<\/span><br \/><span style=\"color: #f9f9f9;\"><\/span><\/p>\n<p>&nbsp;<\/p>\n<p><strong style=\"font-size: 14px; color: #f7f7f7;\">Com\u00e9dien<\/strong><\/p>\n<p><span style=\"color: #f9f9f9;\"><\/span><\/p>\n<p><span style=\"font-size: 14px; color: #f7f7f7;\">depuis mes d\u00e9buts en 1982 avec le Th\u00e9\u00e2tre pour le Moment \u00e0 Berne\u00a0<\/span><span style=\"font-size: 14px; text-align: center; color: #ffffff;\">dans diverses productions de th\u00e9\u00e2tre,<\/span><\/p>\n<p style=\"text-align: left;\"><span style=\"font-size: 14px; text-align: center; color: #ffffff;\"> performances et courts-m\u00e9trages<\/span><\/p>\n<p>&nbsp;<\/p>\n<p>\u00a0<strong style=\"font-size: 14px; color: #ffffff;\">Postproduction<\/strong><span style=\"font-size: 14px; color: #ffffff;\">\u00a0<\/span><\/p>\n<p><span style=\"font-size: 14px; color: #f9f9f9;\">production de<\/span><span style=\"font-size: 14px;\">\u00a0<\/span><span style=\"font-size: 14px; color: #ffffff; text-align: center;\">musiques pour film et th\u00e9\u00e2tre ( composition, enregistrement et arrangements )\u00a0<\/span><\/p>\n<p><span style=\"color: #ffffff; font-size: 14px;\">montage de films, clips et teasers .<\/span><\/p>\n<p><span style=\"color: #ffffff; font-size: 14px;\">photo de spectacle<\/span><\/p>\n<p><span style=\"color: #ffffff; font-size: 14px;\">membre de la Coop\u00e9rative Audio Visuelle d&#8217;Entraide La CAVE<\/span><\/p>\n<p>&nbsp;<\/p>\n<p>&nbsp;<\/p>\n<p>&nbsp;<\/p>\n<p><span style=\"color: #ffffff;\">\u00a0<\/span><\/p>\n<p>&nbsp;<\/p>\n<p>&nbsp;<\/p>\n<p>&nbsp;<\/p>\n<p><span style=\"color: #ffffff;\">\u00a0<\/span><\/p>\n<p>&nbsp;<\/p>\n<p>&nbsp;<\/p>\n<p>&nbsp;<\/p>\n<p><span style=\"color: #ffffff;\">\u00a0<\/span><\/p>\n<p>&nbsp;<\/p>\n<p>&nbsp;<\/p>\n<p>&nbsp;<\/p>\n<p>[\/et_pb_text][\/et_pb_column][\/et_pb_row][\/et_pb_section]<\/p>\n","protected":false},"excerpt":{"rendered":"<p>[et_pb_section fb_built=&#8221;1&#8243; _builder_version=&#8221;4.0.6&#8243; background_color=&#8221;#e2e2e2&#8243; background_image=&#8221;https:\/\/www.thomisteiger.ch\/wp-content\/uploads\/2020\/04\/Paulo-nb.png&#8221; min_height=&#8221;716px&#8221; custom_margin=&#8221;||0px|||&#8221; custom_padding=&#8221;||268px|||&#8221;][et_pb_row _builder_version=&#8221;4.0.6&#8243; min_height=&#8221;593px&#8221; custom_padding=&#8221;||0px|||&#8221;][et_pb_column type=&#8221;4_4&#8243; _builder_version=&#8221;4.0.6&#8243;][et_pb_text admin_label=&#8221;Text&#8221; _builder_version=&#8221;4.0.6&#8243; text_font_size=&#8221;6px&#8221; text_letter_spacing=&#8221;1px&#8221; width=&#8221;86.8%&#8221; min_height=&#8221;655px&#8221; custom_margin=&#8221;||1px|||&#8221; custom_padding=&#8221;||0px|34px||&#8221;] &nbsp; \u00a0Musique \u00a0guitare classique et \u00e9lectrique, percussions, keyboards, piano, chant, composition une grande partie de ma vie de 1983 \u00e0 2010 : &#8220;angklung-duo&#8221;\u00a0,\u00a0spectacle musical\u00a0avec Georg Wiesmann &nbsp; Com\u00e9dien depuis mes d\u00e9buts en 1982 avec [&hellip;]<\/p>\n","protected":false},"author":1,"featured_media":0,"parent":0,"menu_order":0,"comment_status":"closed","ping_status":"closed","template":"","meta":{"_et_pb_use_builder":"on","_et_pb_old_content":"","_uag_custom_page_level_css":"","footnotes":""},"class_list":["post-1956","page","type-page","status-publish","hentry"],"uagb_featured_image_src":{"full":false,"thumbnail":false,"medium":false,"medium_large":false,"large":false,"1536x1536":false,"2048x2048":false,"et-pb-post-main-image":false,"et-pb-post-main-image-fullwidth":false,"et-pb-portfolio-image":false,"et-pb-portfolio-module-image":false,"et-pb-portfolio-image-single":false,"et-pb-gallery-module-image-portrait":false,"et-pb-post-main-image-fullwidth-large":false,"et-pb-image--responsive--desktop":false,"et-pb-image--responsive--tablet":false,"et-pb-image--responsive--phone":false},"uagb_author_info":{"display_name":"thomisteiger_admin","author_link":"https:\/\/www.thomisteiger.ch\/index.php\/author\/thomisteiger_admin\/"},"uagb_comment_info":0,"uagb_excerpt":"[et_pb_section fb_built=&#8221;1&#8243; _builder_version=&#8221;4.0.6&#8243; background_color=&#8221;#e2e2e2&#8243; background_image=&#8221;https:\/\/www.thomisteiger.ch\/wp-content\/uploads\/2020\/04\/Paulo-nb.png&#8221; min_height=&#8221;716px&#8221; custom_margin=&#8221;||0px|||&#8221; custom_padding=&#8221;||268px|||&#8221;][et_pb_row _builder_version=&#8221;4.0.6&#8243; min_height=&#8221;593px&#8221; custom_padding=&#8221;||0px|||&#8221;][et_pb_column type=&#8221;4_4&#8243; _builder_version=&#8221;4.0.6&#8243;][et_pb_text admin_label=&#8221;Text&#8221; _builder_version=&#8221;4.0.6&#8243; text_font_size=&#8221;6px&#8221; text_letter_spacing=&#8221;1px&#8221; width=&#8221;86.8%&#8221; min_height=&#8221;655px&#8221; custom_margin=&#8221;||1px|||&#8221; custom_padding=&#8221;||0px|34px||&#8221;] &nbsp; \u00a0Musique \u00a0guitare classique et \u00e9lectrique, percussions, keyboards, piano, chant, composition une grande partie de ma vie de 1983 \u00e0 2010 : &#8220;angklung-duo&#8221;\u00a0,\u00a0spectacle musical\u00a0avec Georg Wiesmann &nbsp; Com\u00e9dien depuis mes d\u00e9buts en 1982 avec&hellip;","_links":{"self":[{"href":"https:\/\/www.thomisteiger.ch\/index.php\/wp-json\/wp\/v2\/pages\/1956","targetHints":{"allow":["GET"]}}],"collection":[{"href":"https:\/\/www.thomisteiger.ch\/index.php\/wp-json\/wp\/v2\/pages"}],"about":[{"href":"https:\/\/www.thomisteiger.ch\/index.php\/wp-json\/wp\/v2\/types\/page"}],"author":[{"embeddable":true,"href":"https:\/\/www.thomisteiger.ch\/index.php\/wp-json\/wp\/v2\/users\/1"}],"replies":[{"embeddable":true,"href":"https:\/\/www.thomisteiger.ch\/index.php\/wp-json\/wp\/v2\/comments?post=1956"}],"version-history":[{"count":21,"href":"https:\/\/www.thomisteiger.ch\/index.php\/wp-json\/wp\/v2\/pages\/1956\/revisions"}],"predecessor-version":[{"id":3790,"href":"https:\/\/www.thomisteiger.ch\/index.php\/wp-json\/wp\/v2\/pages\/1956\/revisions\/3790"}],"wp:attachment":[{"href":"https:\/\/www.thomisteiger.ch\/index.php\/wp-json\/wp\/v2\/media?parent=1956"}],"curies":[{"name":"wp","href":"https:\/\/api.w.org\/{rel}","templated":true}]}}