{"id":1950,"date":"2020-04-06T15:33:06","date_gmt":"2020-04-06T13:33:06","guid":{"rendered":"https:\/\/www.thomisteiger.ch\/?page_id=1950"},"modified":"2021-11-27T12:36:20","modified_gmt":"2021-11-27T11:36:20","slug":"startseite","status":"publish","type":"page","link":"https:\/\/www.thomisteiger.ch\/","title":{"rendered":"Start"},"content":{"rendered":"<p>[et_pb_section fb_built=&#8221;1&#8243; _builder_version=&#8221;4.0.6&#8243; background_color=&#8221;#e2e2e2&#8243; background_image=&#8221;https:\/\/www.thomisteiger.ch\/wp-content\/uploads\/2020\/04\/Paulo-nb.png&#8221; min_height=&#8221;1000px&#8221;][et_pb_row _builder_version=&#8221;4.0.6&#8243; min_height=&#8221;356px&#8221;][et_pb_column type=&#8221;4_4&#8243; _builder_version=&#8221;4.0.6&#8243;][et_pb_text admin_label=&#8221;Text&#8221; _builder_version=&#8221;4.0.6&#8243; custom_padding=&#8221;||36px|||&#8221;]<\/p>\n<p style=\"text-align: center;\"><strong><\/strong><\/p>\n<p>&nbsp;<\/p>\n<p><span style=\"color: #f2f2f2;\"><strong>Musiker\u00a0<\/strong><\/span><\/p>\n<p><span style=\"color: #f2f2f2;\">\u00a0<span style=\"font-size: 14px;\">Elektro- und klassische Gitarre, Perkussion, Keyboards, Piano, Gesang, Komposition<\/span><\/span><\/p>\n<p><span style=\"font-size: 14px; color: #f2f2f2;\">1983 bis 2010 &#8220;anklung-duo&#8221;,\u00a0Musikspektakel mit Georg Wiesmann<\/span><\/p>\n<p><span style=\"font-size: 14px; color: #f2f2f2;\">\u00a0<\/span><\/p>\n<p><span style=\"color: #f2f2f2;\"><strong style=\"font-size: 14px;\">Schauspieler<\/strong><span style=\"font-size: 14px;\">\u00a0<\/span><\/span><\/p>\n<p><span style=\"font-size: 14px; color: #f2f2f2;\">seit den Anf\u00e4ngen 1982 beim Th\u00e9\u00e2tre pour le Moment in Bern in diversen Theaterproduktionen, <\/span><\/p>\n<p><span style=\"font-size: 14px; color: #f2f2f2;\">Performanzen und Kurzfilmen<\/span><\/p>\n<p style=\"text-align: center;\"><span style=\"color: #f2f2f2;\"><strong><\/strong><\/span><\/p>\n<p><span style=\"color: #f2f2f2; font-size: 14px;\"><strong><\/strong><\/span><\/p>\n<p><span style=\"color: #f2f2f2; font-size: 14px;\"><strong>Postproduktion\u00a0<\/strong><\/span><\/p>\n<p><span style=\"font-size: 14px; color: #f2f2f2;\">Theater- und Filmmusik ( Komposition, Aufnahme und Arrangements )\u00a0<\/span><\/p>\n<p><span style=\"font-size: 14px; color: #f2f2f2;\">Postproduktion, Filmschnitt und Erstellung von Clips und Teasern\u00a0<\/span><\/p>\n<p><span style=\"font-size: 14px; color: #f2f2f2;\">Theater &#8211; Fotos<\/span><br \/><span style=\"color: #f2f2f2;\"><strong><\/strong><\/span><\/p>\n<p><span style=\"font-size: 14px; color: #f2f2f2;\">Mitglied der Coop\u00e9rative Audio Visuelle d&#8217;Entraide La CAVE<\/span><\/p>\n<p>&nbsp;<\/p>\n<p style=\"text-align: center;\">\n<p style=\"text-align: center;\">\n<p>[\/et_pb_text][\/et_pb_column][\/et_pb_row][\/et_pb_section]<\/p>\n","protected":false},"excerpt":{"rendered":"<p>[et_pb_section fb_built=&#8221;1&#8243; _builder_version=&#8221;4.0.6&#8243; background_color=&#8221;#e2e2e2&#8243; background_image=&#8221;https:\/\/www.thomisteiger.ch\/wp-content\/uploads\/2020\/04\/Paulo-nb.png&#8221; min_height=&#8221;1000px&#8221;][et_pb_row _builder_version=&#8221;4.0.6&#8243; min_height=&#8221;356px&#8221;][et_pb_column type=&#8221;4_4&#8243; _builder_version=&#8221;4.0.6&#8243;][et_pb_text admin_label=&#8221;Text&#8221; _builder_version=&#8221;4.0.6&#8243; custom_padding=&#8221;||36px|||&#8221;] &nbsp; Musiker\u00a0 \u00a0Elektro- und klassische Gitarre, Perkussion, Keyboards, Piano, Gesang, Komposition 1983 bis 2010 &#8220;anklung-duo&#8221;,\u00a0Musikspektakel mit Georg Wiesmann \u00a0 Schauspieler\u00a0 seit den Anf\u00e4ngen 1982 beim Th\u00e9\u00e2tre pour le Moment in Bern in diversen Theaterproduktionen, Performanzen und Kurzfilmen Postproduktion\u00a0 Theater- und Filmmusik ( [&hellip;]<\/p>\n","protected":false},"author":1,"featured_media":0,"parent":0,"menu_order":0,"comment_status":"closed","ping_status":"closed","template":"","meta":{"_et_pb_use_builder":"on","_et_pb_old_content":"","_uag_custom_page_level_css":"","footnotes":""},"class_list":["post-1950","page","type-page","status-publish","hentry"],"uagb_featured_image_src":{"full":false,"thumbnail":false,"medium":false,"medium_large":false,"large":false,"1536x1536":false,"2048x2048":false,"et-pb-post-main-image":false,"et-pb-post-main-image-fullwidth":false,"et-pb-portfolio-image":false,"et-pb-portfolio-module-image":false,"et-pb-portfolio-image-single":false,"et-pb-gallery-module-image-portrait":false,"et-pb-post-main-image-fullwidth-large":false,"et-pb-image--responsive--desktop":false,"et-pb-image--responsive--tablet":false,"et-pb-image--responsive--phone":false},"uagb_author_info":{"display_name":"thomisteiger_admin","author_link":"https:\/\/www.thomisteiger.ch\/index.php\/author\/thomisteiger_admin\/"},"uagb_comment_info":0,"uagb_excerpt":"[et_pb_section fb_built=&#8221;1&#8243; _builder_version=&#8221;4.0.6&#8243; background_color=&#8221;#e2e2e2&#8243; background_image=&#8221;https:\/\/www.thomisteiger.ch\/wp-content\/uploads\/2020\/04\/Paulo-nb.png&#8221; min_height=&#8221;1000px&#8221;][et_pb_row _builder_version=&#8221;4.0.6&#8243; min_height=&#8221;356px&#8221;][et_pb_column type=&#8221;4_4&#8243; _builder_version=&#8221;4.0.6&#8243;][et_pb_text admin_label=&#8221;Text&#8221; _builder_version=&#8221;4.0.6&#8243; custom_padding=&#8221;||36px|||&#8221;] &nbsp; Musiker\u00a0 \u00a0Elektro- und klassische Gitarre, Perkussion, Keyboards, Piano, Gesang, Komposition 1983 bis 2010 &#8220;anklung-duo&#8221;,\u00a0Musikspektakel mit Georg Wiesmann \u00a0 Schauspieler\u00a0 seit den Anf\u00e4ngen 1982 beim Th\u00e9\u00e2tre pour le Moment in Bern in diversen Theaterproduktionen, Performanzen und Kurzfilmen Postproduktion\u00a0 Theater- und Filmmusik (&hellip;","_links":{"self":[{"href":"https:\/\/www.thomisteiger.ch\/index.php\/wp-json\/wp\/v2\/pages\/1950","targetHints":{"allow":["GET"]}}],"collection":[{"href":"https:\/\/www.thomisteiger.ch\/index.php\/wp-json\/wp\/v2\/pages"}],"about":[{"href":"https:\/\/www.thomisteiger.ch\/index.php\/wp-json\/wp\/v2\/types\/page"}],"author":[{"embeddable":true,"href":"https:\/\/www.thomisteiger.ch\/index.php\/wp-json\/wp\/v2\/users\/1"}],"replies":[{"embeddable":true,"href":"https:\/\/www.thomisteiger.ch\/index.php\/wp-json\/wp\/v2\/comments?post=1950"}],"version-history":[{"count":15,"href":"https:\/\/www.thomisteiger.ch\/index.php\/wp-json\/wp\/v2\/pages\/1950\/revisions"}],"predecessor-version":[{"id":2062,"href":"https:\/\/www.thomisteiger.ch\/index.php\/wp-json\/wp\/v2\/pages\/1950\/revisions\/2062"}],"wp:attachment":[{"href":"https:\/\/www.thomisteiger.ch\/index.php\/wp-json\/wp\/v2\/media?parent=1950"}],"curies":[{"name":"wp","href":"https:\/\/api.w.org\/{rel}","templated":true}]}}