{"id":1893,"date":"2020-02-29T12:31:57","date_gmt":"2020-02-29T11:31:57","guid":{"rendered":"https:\/\/www.thomisteiger.ch\/?page_id=1893"},"modified":"2025-11-17T17:34:10","modified_gmt":"2025-11-17T16:34:10","slug":"film-f","status":"publish","type":"page","link":"https:\/\/www.thomisteiger.ch\/index.php\/fr\/film-f\/","title":{"rendered":"Film"},"content":{"rendered":"<p>[et_pb_section fb_built=&#8221;1&#8243; _builder_version=&#8221;4.0.6&#8243; min_height=&#8221;462px&#8221;][et_pb_row _builder_version=&#8221;4.0.6&#8243; custom_margin=&#8221;|auto|-71px|auto||&#8221;][et_pb_column type=&#8221;4_4&#8243; _builder_version=&#8221;4.0.6&#8243;][et_pb_text _builder_version=&#8221;4.0.6&#8243; custom_margin=&#8221;||25px||false|false&#8221;]<\/p>\n<h3>Quelques apparitions dans des courts-m\u00e9trages :<\/h3>\n<p>[\/et_pb_text][et_pb_text _builder_version=&#8221;4.0.6&#8243; min_height=&#8221;157px&#8221; custom_padding=&#8221;4px|||||&#8221; link_option_url_new_window=&#8221;on&#8221; hover_enabled=&#8221;0&#8243;]<\/p>\n<p>Clip <strong>&#8220;I&#8217;m not&#8221;<\/strong> , Koqa Beatbox, r\u00e9alis\u00e9 par Camille de Pietro : <a href=\"https:\/\/youtu.be\/g0WRvZEGuu0\"><strong>I&#8217;m not<\/strong><\/a><\/p>\n<p><strong>Spot LSCV<\/strong> (Ligue Suisse contre la Vivisection) : <a href=\"https:\/\/www.youtube.com\/watch?v=pZYdwhhdvd8\"><strong>Spot LSCV<\/strong><\/a><\/p>\n<p><strong>Tic !<\/strong> Court-m\u00e9trage de Lo\u00efc Reichenbach, Ecole d&#8217;Art La Chaux-de-Fonds : <a href=\"https:\/\/www.youtube.com\/watch?v=mJ472c1DD7w&amp;t=24s\"><strong>Tic !<\/strong><\/a><\/p>\n<p><strong>Le petit matin du grand soir<\/strong> : Film de Claude Besan\u00e7on :<span class=\"Apple-converted-space\">\u00a0 <a href=\"https:\/\/www.youtube.com\/watch?v=64UiPG9M_-A\"><strong>Le petit matin du grand soir<\/strong><\/a><\/span><\/p>\n<p><strong>Nick le Juge, part 1<\/strong>, Alain Margot : <strong><a href=\"https:\/\/www.youtube.com\/watch?v=HdTvWMLHLYs&amp;feature=youtu.be\" target=\"_blank\" rel=\"noopener noreferrer\">Nick le Juge, part 1<\/a><\/strong><\/p>\n<p><strong>Inertie<\/strong>, de Nathan Jucker, Courge d&#8217;Or du Festival Courge M\u00e9trages Neuch\u00e2tel 2022 : \u00a0<a href=\"https:\/\/www.youtube.com\/watch?v=h_AZZXF3Xb8\"><strong>Inertie<\/strong><\/a><\/p>\n<p><strong>Dame<\/strong>, Axel Fernandez, Courge M\u00e9trages 2022 Neuch\u00e2tel (petite intervention) : <strong>\u00a0<a href=\"https:\/\/vimeo.com\/750858215?fl=pl&amp;fe=sh\">Dame<\/a><\/strong><\/p>\n<p>&nbsp;<\/p>\n<p>[\/et_pb_text][\/et_pb_column][\/et_pb_row][\/et_pb_section]<\/p>\n","protected":false},"excerpt":{"rendered":"<p>[et_pb_section fb_built=&#8221;1&#8243; _builder_version=&#8221;4.0.6&#8243; min_height=&#8221;462px&#8221;][et_pb_row _builder_version=&#8221;4.0.6&#8243; custom_margin=&#8221;|auto|-71px|auto||&#8221;][et_pb_column type=&#8221;4_4&#8243; _builder_version=&#8221;4.0.6&#8243;][et_pb_text _builder_version=&#8221;4.0.6&#8243; custom_margin=&#8221;||25px||false|false&#8221;] Quelques apparitions dans des courts-m\u00e9trages : [\/et_pb_text][et_pb_text _builder_version=&#8221;4.0.6&#8243; min_height=&#8221;157px&#8221; custom_padding=&#8221;4px|||||&#8221; link_option_url_new_window=&#8221;on&#8221; hover_enabled=&#8221;0&#8243;] Clip &#8220;I&#8217;m not&#8221; , Koqa Beatbox, r\u00e9alis\u00e9 par Camille de Pietro : I&#8217;m not Spot LSCV (Ligue Suisse contre la Vivisection) : Spot LSCV Tic ! Court-m\u00e9trage de Lo\u00efc Reichenbach, Ecole d&#8217;Art La [&hellip;]<\/p>\n","protected":false},"author":1,"featured_media":0,"parent":0,"menu_order":0,"comment_status":"closed","ping_status":"closed","template":"","meta":{"_et_pb_use_builder":"on","_et_pb_old_content":"","_uag_custom_page_level_css":"","footnotes":""},"class_list":["post-1893","page","type-page","status-publish","hentry"],"uagb_featured_image_src":{"full":false,"thumbnail":false,"medium":false,"medium_large":false,"large":false,"1536x1536":false,"2048x2048":false,"et-pb-post-main-image":false,"et-pb-post-main-image-fullwidth":false,"et-pb-portfolio-image":false,"et-pb-portfolio-module-image":false,"et-pb-portfolio-image-single":false,"et-pb-gallery-module-image-portrait":false,"et-pb-post-main-image-fullwidth-large":false,"et-pb-image--responsive--desktop":false,"et-pb-image--responsive--tablet":false,"et-pb-image--responsive--phone":false},"uagb_author_info":{"display_name":"thomisteiger_admin","author_link":"https:\/\/www.thomisteiger.ch\/index.php\/author\/thomisteiger_admin\/"},"uagb_comment_info":0,"uagb_excerpt":"[et_pb_section fb_built=&#8221;1&#8243; _builder_version=&#8221;4.0.6&#8243; min_height=&#8221;462px&#8221;][et_pb_row _builder_version=&#8221;4.0.6&#8243; custom_margin=&#8221;|auto|-71px|auto||&#8221;][et_pb_column type=&#8221;4_4&#8243; _builder_version=&#8221;4.0.6&#8243;][et_pb_text _builder_version=&#8221;4.0.6&#8243; custom_margin=&#8221;||25px||false|false&#8221;] Quelques apparitions dans des courts-m\u00e9trages : [\/et_pb_text][et_pb_text _builder_version=&#8221;4.0.6&#8243; min_height=&#8221;157px&#8221; custom_padding=&#8221;4px|||||&#8221; link_option_url_new_window=&#8221;on&#8221; hover_enabled=&#8221;0&#8243;] Clip &#8220;I&#8217;m not&#8221; , Koqa Beatbox, r\u00e9alis\u00e9 par Camille de Pietro : I&#8217;m not Spot LSCV (Ligue Suisse contre la Vivisection) : Spot LSCV Tic ! Court-m\u00e9trage de Lo\u00efc Reichenbach, Ecole d&#8217;Art La&hellip;","_links":{"self":[{"href":"https:\/\/www.thomisteiger.ch\/index.php\/wp-json\/wp\/v2\/pages\/1893","targetHints":{"allow":["GET"]}}],"collection":[{"href":"https:\/\/www.thomisteiger.ch\/index.php\/wp-json\/wp\/v2\/pages"}],"about":[{"href":"https:\/\/www.thomisteiger.ch\/index.php\/wp-json\/wp\/v2\/types\/page"}],"author":[{"embeddable":true,"href":"https:\/\/www.thomisteiger.ch\/index.php\/wp-json\/wp\/v2\/users\/1"}],"replies":[{"embeddable":true,"href":"https:\/\/www.thomisteiger.ch\/index.php\/wp-json\/wp\/v2\/comments?post=1893"}],"version-history":[{"count":22,"href":"https:\/\/www.thomisteiger.ch\/index.php\/wp-json\/wp\/v2\/pages\/1893\/revisions"}],"predecessor-version":[{"id":3799,"href":"https:\/\/www.thomisteiger.ch\/index.php\/wp-json\/wp\/v2\/pages\/1893\/revisions\/3799"}],"wp:attachment":[{"href":"https:\/\/www.thomisteiger.ch\/index.php\/wp-json\/wp\/v2\/media?parent=1893"}],"curies":[{"name":"wp","href":"https:\/\/api.w.org\/{rel}","templated":true}]}}