{"id":1629,"date":"2019-12-25T16:33:49","date_gmt":"2019-12-25T15:33:49","guid":{"rendered":"https:\/\/www.thomisteiger.ch\/?page_id=1629"},"modified":"2025-12-01T17:40:47","modified_gmt":"2025-12-01T16:40:47","slug":"angklung-duo","status":"publish","type":"page","link":"https:\/\/www.thomisteiger.ch\/index.php\/fr\/angklung-duo\/","title":{"rendered":"angklung-duo f"},"content":{"rendered":"<p>[et_pb_section fb_built=&#8221;1&#8243; inner_shadow=&#8221;on&#8221; _builder_version=&#8221;4.0.6&#8243; background_color=&#8221;#d6d6d6&#8243; hover_enabled=&#8221;0&#8243; collapsed=&#8221;off&#8221;][et_pb_row _builder_version=&#8221;4.0.6&#8243; width=&#8221;90.8%&#8221; custom_margin=&#8221;|auto||61px||&#8221; collapsed=&#8221;off&#8221;][et_pb_column type=&#8221;4_4&#8243; _builder_version=&#8221;4.0.6&#8243; custom_padding=&#8221;|||&#8221; custom_padding__hover=&#8221;|||&#8221;][et_pb_text admin_label=&#8221;Text&#8221; _builder_version=&#8221;4.0.6&#8243;]<\/p>\n<h3><strong>angklung &#8211; duo<\/strong>\u00a0 \u00a0 spectacle musical de et avec Georg Wiesmann et Thomas Steiger \u00a0 \u00a0 1983 &#8211; 2010<\/h3>\n<p>[\/et_pb_text][et_pb_divider _builder_version=&#8221;4.0.6&#8243;][\/et_pb_divider][et_pb_image src=&#8221;https:\/\/www.thomisteiger.ch\/wp-content\/uploads\/2020\/01\/Jungle-Tour-07.jpg&#8221; align=&#8221;center&#8221; admin_label=&#8221;Image&#8221; _builder_version=&#8221;4.0.6&#8243; background_color=&#8221;#d6d6d6&#8243; width=&#8221;99.9%&#8221; height=&#8221;398px&#8221; max_height=&#8221;1000px&#8221; custom_margin=&#8221;0px|0px|0px|0px|false|false&#8221; custom_padding=&#8221;0px|0px|0px|0px|false|false&#8221; border_width_bottom=&#8221;5px&#8221; box_shadow_style=&#8221;preset2&#8243;][\/et_pb_image][et_pb_divider _builder_version=&#8221;4.0.6&#8243;][\/et_pb_divider][et_pb_text _builder_version=&#8221;4.0.6&#8243; hover_enabled=&#8221;0&#8243;]<\/p>\n<p>Depuis<b> 1983<\/b>, <b>Georg Wiesmann<\/b>\u00a0et <b>Thomas Steiger<\/b>, musiciens et showmen, pr\u00e9sentaient leurs spectacles musicaux \u00e9tonnants, d\u00e9coiffants et dr\u00f4les. Ils se produisaient aussi bien pour des f\u00eates d&#8217;entreprises, des manifestations priv\u00e9es et des galas, qu&#8217;en spectacle sur les sc\u00e8nes suisses, fran\u00e7aises, belges, allemandes etc.; dans de nombreux festivals ou lors de l&#8217;EXPO 92 \u00e0 Seville et l&#8217;Expo.02. Ils \u00e9taient laur\u00e9ats du CH-Showtalent &#8211; Wettbewerb et plusieurs fois nomin\u00e9s pour le prix suisse de la sc\u00e8ne.<\/p>\n<p>Le <b>Angklung<\/b>\u00a0est une sorte de xylophone g\u00e9ant que Georg Wiesmann a construit avec des instruments en bambou traditionnels de Java. Il \u00e9tait depuis toujours l&#8217;\u00e9l\u00e9ment principal autour duquel le duo ajoutait sans cesse, pour enrichir ses possibilit\u00e9s expressives, d&#8217;autres instruments de sa propre cr\u00e9ation en bambou et en mat\u00e9riaux de r\u00e9cup\u00e9ration. \u00a0<\/p>\n<p><strong>angklung-duo live :<a title=\"Entre_Vues_f.html\" href=\"https:\/\/youtu.be\/pz6SGrV64EU\" target=\"_blank\" rel=\"noopener noreferrer\"> EntreVues Bruxelles 97<\/a><\/strong><\/p>\n<p><strong>Coup de bambou sur Le Royal \u00a0 \u00a0\u00a0<\/strong>DUO ANGKLUNG Il tape sur des bambous et c\u2019est num\u00e9ro un<\/p>\n<p>Alors que depuis vingt-quatre heures le ciel d\u00e9versait g\u00e9n\u00e9reusement sur la Vall\u00e9e ses pleins baquets d\u2019eau, le soleil inondait samedi soir l\u2019int\u00e9rieur de ce justement bien nomm\u00e9 \u00ablieu de d\u00e9lices par excellence\u00bb.<\/p>\n<p>Avec en ouverture de saison le \u00abDuo Angklung\u00bb, personne n\u2019aurait pu pr\u00e9tendre \u00e0 plus belle performance pour honorer ce 13 septembre d\u00e9clar\u00e9: \u00abJourn\u00e9e suisse des Arts de la sc\u00e8ne\u00bb.\u00a0Et une fois de plus, envo\u00fbt\u00e9 par l\u2019exploit, le public aux anges applaudit \u00e0 tout rompre ces artistes d\u2019exception que sont Thomas Steiger et Georg Wiesmann.<\/p>\n<p>Deux \u00eatres \u00e9tonnants, un peu fous s\u00fbrement qui avec un naturel d\u00e9routant emm\u00e8nent le spectateur dans un voyage f\u00e9erique \u00e0 travers la jungle. C\u2019\u00e9tait le \u00abKlung fou jungle-tour\u00bb.<\/p>\n<p>Leur truc \u00e0 eux c\u2019est le bambou. Gros, petits, longs ou maigres, sur sc\u00e8ne il y en a partout. Tant\u00f4t d\u00e9cors, accessoires d\u2019illusion ou prestigieux instruments de musique cr\u00e9\u00e9s de toutes trempes par les deux comp\u00e8res, ils en jouent en v\u00e9ritables virtuoses de l\u2019inconcevable.<\/p>\n<p>Parmi ces petites merveilles, le \u00abAngklung\u00bb justement, sorte de xylophone g\u00e9ant n\u00e9 de l\u2019assemblage de quarante-deux \u00abmicroinstruments\u00bb d\u2019origine javanaise.<\/p>\n<p>Mariant avec euphorie aux rythmes et aux sons d\u00e9licieux de ces tubes leurs voix puissantes, un gros brin d\u2019humour et plein de d\u00e9rision dans les paroles, la symphonie rayonne comme autant de parfums exotiques. Ajout\u00e9 encore \u00e0 cette mac\u00e9doine de plaisirs l\u2019accompagnement d\u2019une batterie de casseroles, le coup de bambou sur la salle ne pouvait \u00eatre que Royal.<\/p>\n<p>[\/et_pb_text][et_pb_divider _builder_version=&#8221;4.0.6&#8243;][\/et_pb_divider][et_pb_divider _builder_version=&#8221;4.0.6&#8243;][\/et_pb_divider][et_pb_gallery gallery_ids=&#8221;1840,1839,1838,1837,1842,1841,1830,1829,1827,1826,1825,1824,1823,1836,1835,1834,1833,1832,1831&#8243; show_title_and_caption=&#8221;off&#8221; _builder_version=&#8221;4.0.6&#8243; box_shadow_style_image=&#8221;preset2&#8243;][\/et_pb_gallery][\/et_pb_column][\/et_pb_row][\/et_pb_section]<\/p>\n","protected":false},"excerpt":{"rendered":"<p>[et_pb_section fb_built=&#8221;1&#8243; inner_shadow=&#8221;on&#8221; _builder_version=&#8221;4.0.6&#8243; background_color=&#8221;#d6d6d6&#8243; hover_enabled=&#8221;0&#8243; collapsed=&#8221;off&#8221;][et_pb_row _builder_version=&#8221;4.0.6&#8243; width=&#8221;90.8%&#8221; custom_margin=&#8221;|auto||61px||&#8221; collapsed=&#8221;off&#8221;][et_pb_column type=&#8221;4_4&#8243; _builder_version=&#8221;4.0.6&#8243; custom_padding=&#8221;|||&#8221; custom_padding__hover=&#8221;|||&#8221;][et_pb_text admin_label=&#8221;Text&#8221; _builder_version=&#8221;4.0.6&#8243;] angklung &#8211; duo\u00a0 \u00a0 spectacle musical de et avec Georg Wiesmann et Thomas Steiger \u00a0 \u00a0 1983 &#8211; 2010 [\/et_pb_text][et_pb_divider _builder_version=&#8221;4.0.6&#8243;][\/et_pb_divider][et_pb_image src=&#8221;https:\/\/www.thomisteiger.ch\/wp-content\/uploads\/2020\/01\/Jungle-Tour-07.jpg&#8221; align=&#8221;center&#8221; admin_label=&#8221;Image&#8221; _builder_version=&#8221;4.0.6&#8243; background_color=&#8221;#d6d6d6&#8243; width=&#8221;99.9%&#8221; height=&#8221;398px&#8221; max_height=&#8221;1000px&#8221; custom_margin=&#8221;0px|0px|0px|0px|false|false&#8221; custom_padding=&#8221;0px|0px|0px|0px|false|false&#8221; border_width_bottom=&#8221;5px&#8221; box_shadow_style=&#8221;preset2&#8243;][\/et_pb_image][et_pb_divider _builder_version=&#8221;4.0.6&#8243;][\/et_pb_divider][et_pb_text _builder_version=&#8221;4.0.6&#8243; hover_enabled=&#8221;0&#8243;] Depuis 1983, [&hellip;]<\/p>\n","protected":false},"author":1,"featured_media":0,"parent":0,"menu_order":0,"comment_status":"closed","ping_status":"closed","template":"","meta":{"_et_pb_use_builder":"on","_et_pb_old_content":"<p>Depuis<b> 1983<\/b>, <b>Georg Wiesmann<\/b>\u00a0et <b>Thomas Steiger<\/b>, musiciens et showmen, pr\u00e9sentaient leurs spectacles musicaux \u00e9tonnants, d\u00e9coiffants et dr\u00f4les. Ils se produisaient aussi bien pour des f\u00eates d'entreprises, des manifestations priv\u00e9es et des galas, qu'en spectacle sur les sc\u00e8nes suisses, fran\u00e7aises, belges, allemandes etc.; dans de nombreux festivals ou lors de l'EXPO 92 \u00e0 Seville et l'Expo.02. Ils \u00e9taient laur\u00e9ats du CH-Showtalent - Wettbewerb et plusieurs fois nomin\u00e9s pour le prix suisse de la sc\u00e8ne.<\/p><p>Le <b>Angklung<\/b>\u00a0est une sorte de xylophone g\u00e9ant que Georg Wiesmann a construit avec des instruments en bambou traditionnels de Java. Il \u00e9tait depuis toujours l'\u00e9l\u00e9ment principal autour duquel le duo ajoutait sans cesse, pour enrichir ses possibilit\u00e9s expressives, d'autres instruments de sa propre cr\u00e9ation en bambou et en mat\u00e9riaux de r\u00e9cup\u00e9ration.<\/p><table style=\"height: 516px;\" border=\"0\" width=\"1315\" cellspacing=\"0\" cellpadding=\"0\"><tbody><tr><td colspan=\"4\" valign=\"top\" width=\"554\" height=\"39\"><span style=\"color: #ffffff; font-family: Arial, Helvetica, sans-serif; font-size: small;\"><strong><span style=\"color: #000000; font-family: Verdana, Arial, Helvetica, sans-serif; font-size: medium;\">Coup de bambou sur Le Royal<\/span><\/strong><\/span><\/td><\/tr><tr><td colspan=\"4\" valign=\"middle\" width=\"554\" height=\"40\"><span style=\"color: #000000; font-family: Verdana, Arial, Helvetica, sans-serif; font-size: small;\">DUO ANGKLUNG Il tape sur des bambous et c\u2019est num\u00e9ro un<\/span><\/td><\/tr><tr><td colspan=\"4\" valign=\"top\" width=\"554\"><p>Alors que depuis vingt-quatre heures le ciel d\u00e9versait g\u00e9n\u00e9reusement sur la Vall\u00e9e ses pleins baquets d\u2019eau, le soleil inondait samedi soir l\u2019int\u00e9rieur de ce justement bien nomm\u00e9 \u00ablieu de d\u00e9lices par excellence\u00bb.<\/p><p>Avec en ouverture de saison le \u00abDuo Angklung\u00bb, personne n\u2019aurait pu pr\u00e9tendre \u00e0 plus belle performance pour honorer ce 13 septembre d\u00e9clar\u00e9: \u00abJourn\u00e9e suisse des Arts de la sc\u00e8ne\u00bb.<\/p><p>Et une fois de plus, envo\u00fbt\u00e9 par l\u2019exploit, le public aux anges applaudit \u00e0 tout rompre ces artistes d\u2019exception que sont Thomas Steiger et Georg Wiesmann.<\/p><p>Deux \u00eatres \u00e9tonnants, un peu fous s\u00fbrement qui avec un naturel d\u00e9routant emm\u00e8nent le spectateur dans un voyage f\u00e9erique \u00e0 travers la jungle. C\u2019\u00e9tait le \u00abKlung fou jungle-tour\u00bb.<\/p><p>Leur truc \u00e0 eux c\u2019est le bambou. Gros, petits, longs ou maigres, sur sc\u00e8ne il y en a partout. Tant\u00f4t d\u00e9cors, accessoires d\u2019illusion ou prestigieux instruments de musique cr\u00e9\u00e9s de toutes trempes par les deux comp\u00e8res, ils en jouent en v\u00e9ritables virtuoses de l\u2019inconcevable.<\/p><p>Parmi ces petites merveilles, le \u00abAngklung\u00bb justement, sorte de xylophone g\u00e9ant n\u00e9 de l\u2019assemblage de quarante-deux \u00abmicroinstruments\u00bb d\u2019origine javanaise.<\/p><p>Mariant avec euphorie aux rythmes et aux sons d\u00e9licieux de ces tubes leurs voix puissantes, un gros brin d\u2019humour et plein de d\u00e9rision dans les paroles, la symphonie rayonne comme autant de parfums exotiques. Ajout\u00e9 encore \u00e0 cette mac\u00e9doine de plaisirs l\u2019accompagnement d\u2019une batterie de casseroles, le coup de bambou sur la salle ne pouvait \u00eatre que Royal.<\/p><\/td><\/tr><\/tbody><\/table><p>\u00a0<\/p>","_uag_custom_page_level_css":"","footnotes":""},"class_list":["post-1629","page","type-page","status-publish","hentry"],"uagb_featured_image_src":{"full":false,"thumbnail":false,"medium":false,"medium_large":false,"large":false,"1536x1536":false,"2048x2048":false,"et-pb-post-main-image":false,"et-pb-post-main-image-fullwidth":false,"et-pb-portfolio-image":false,"et-pb-portfolio-module-image":false,"et-pb-portfolio-image-single":false,"et-pb-gallery-module-image-portrait":false,"et-pb-post-main-image-fullwidth-large":false,"et-pb-image--responsive--desktop":false,"et-pb-image--responsive--tablet":false,"et-pb-image--responsive--phone":false},"uagb_author_info":{"display_name":"thomisteiger_admin","author_link":"https:\/\/www.thomisteiger.ch\/index.php\/author\/thomisteiger_admin\/"},"uagb_comment_info":0,"uagb_excerpt":"[et_pb_section fb_built=&#8221;1&#8243; inner_shadow=&#8221;on&#8221; _builder_version=&#8221;4.0.6&#8243; background_color=&#8221;#d6d6d6&#8243; hover_enabled=&#8221;0&#8243; collapsed=&#8221;off&#8221;][et_pb_row _builder_version=&#8221;4.0.6&#8243; width=&#8221;90.8%&#8221; custom_margin=&#8221;|auto||61px||&#8221; collapsed=&#8221;off&#8221;][et_pb_column type=&#8221;4_4&#8243; _builder_version=&#8221;4.0.6&#8243; custom_padding=&#8221;|||&#8221; custom_padding__hover=&#8221;|||&#8221;][et_pb_text admin_label=&#8221;Text&#8221; _builder_version=&#8221;4.0.6&#8243;] angklung &#8211; duo\u00a0 \u00a0 spectacle musical de et avec Georg Wiesmann et Thomas Steiger \u00a0 \u00a0 1983 &#8211; 2010 [\/et_pb_text][et_pb_divider _builder_version=&#8221;4.0.6&#8243;][\/et_pb_divider][et_pb_image src=&#8221;https:\/\/www.thomisteiger.ch\/wp-content\/uploads\/2020\/01\/Jungle-Tour-07.jpg&#8221; align=&#8221;center&#8221; admin_label=&#8221;Image&#8221; _builder_version=&#8221;4.0.6&#8243; background_color=&#8221;#d6d6d6&#8243; width=&#8221;99.9%&#8221; height=&#8221;398px&#8221; max_height=&#8221;1000px&#8221; custom_margin=&#8221;0px|0px|0px|0px|false|false&#8221; custom_padding=&#8221;0px|0px|0px|0px|false|false&#8221; border_width_bottom=&#8221;5px&#8221; box_shadow_style=&#8221;preset2&#8243;][\/et_pb_image][et_pb_divider _builder_version=&#8221;4.0.6&#8243;][\/et_pb_divider][et_pb_text _builder_version=&#8221;4.0.6&#8243; hover_enabled=&#8221;0&#8243;] Depuis 1983,&hellip;","_links":{"self":[{"href":"https:\/\/www.thomisteiger.ch\/index.php\/wp-json\/wp\/v2\/pages\/1629","targetHints":{"allow":["GET"]}}],"collection":[{"href":"https:\/\/www.thomisteiger.ch\/index.php\/wp-json\/wp\/v2\/pages"}],"about":[{"href":"https:\/\/www.thomisteiger.ch\/index.php\/wp-json\/wp\/v2\/types\/page"}],"author":[{"embeddable":true,"href":"https:\/\/www.thomisteiger.ch\/index.php\/wp-json\/wp\/v2\/users\/1"}],"replies":[{"embeddable":true,"href":"https:\/\/www.thomisteiger.ch\/index.php\/wp-json\/wp\/v2\/comments?post=1629"}],"version-history":[{"count":51,"href":"https:\/\/www.thomisteiger.ch\/index.php\/wp-json\/wp\/v2\/pages\/1629\/revisions"}],"predecessor-version":[{"id":3818,"href":"https:\/\/www.thomisteiger.ch\/index.php\/wp-json\/wp\/v2\/pages\/1629\/revisions\/3818"}],"wp:attachment":[{"href":"https:\/\/www.thomisteiger.ch\/index.php\/wp-json\/wp\/v2\/media?parent=1629"}],"curies":[{"name":"wp","href":"https:\/\/api.w.org\/{rel}","templated":true}]}}