{"id":1264,"date":"2019-12-14T14:56:19","date_gmt":"2019-12-14T13:56:19","guid":{"rendered":"https:\/\/www.thomisteiger.ch\/?page_id=1264"},"modified":"2026-03-31T11:37:09","modified_gmt":"2026-03-31T09:37:09","slug":"musique","status":"publish","type":"page","link":"https:\/\/www.thomisteiger.ch\/index.php\/fr\/musique\/","title":{"rendered":"Musique"},"content":{"rendered":"<p class=\"paragraph_style\"><strong>Guitarre classique<\/strong> ( J\u00f6rg Haller ), <strong>percussion<\/strong> ( Tini H\u00e4gler ), <strong>solf\u00e8ge<\/strong> au Conservatoire de Berne<\/p>\n<p class=\"paragraph_style\"><strong>1983 &#8211; 2010\u00a0 angklung &#8211; duo<\/strong>, spectacle musical avec Georg Wiesmann autour d&#8217; instruments en bambou, cr\u00e9es par Georg. Tourn\u00e9es en Suisse et en Europe pendant 27 ans \u00a0\u00a0\u00a0<a title=\"Entre_Vues_f.html\" href=\"https:\/\/youtu.be\/pz6SGrV64EU\" target=\"_blank\" rel=\"noopener noreferrer\">EntreVues Bruxelles 97<\/a>\u00a0\u00a0 &#8211;\u00a0\u00a0 <a title=\"http:\/\/www.gwtubes.ch\" href=\"http:\/\/www.gwtubes.ch\/\" target=\"_blank\" rel=\"noopener noreferrer\">gwtubes<\/a><\/p>\n<p class=\"paragraph_style\">D\u00e8s <strong>1986<\/strong> <strong>musique de th\u00e9\u00e2tre<\/strong> pour, entre autres: <strong>Th\u00e9\u00e2tre pour le Moment<\/strong>,<strong> Gardi Hutter<\/strong>, <strong>Th\u00e9\u00e2tre \u00e0 tous les Etages<\/strong>, <strong>Th\u00e9\u00e2tre de la Grenouille<\/strong>, <span class=\"style\"><strong>Cie Projet Icare<\/strong>, <strong>Cie DeFacto<\/strong>, <\/span><span class=\"style\"><strong>2023: <\/strong><\/span><strong>La Goutte<\/strong>, texte de Ascanio Celestini<b>, <\/b>mes: Blaise Froidevaux , <strong>2025: Le Voyage d&#8217;Adam, <\/strong>Compagnie du Chalet, Alain Jacot. <strong>Ajustements<\/strong>, Th. de la Connaissance, Nicolas Yazgy<\/p>\n<p class=\"paragraph_style\"><span class=\"style\"><strong>Bandes son de d\u00e9ssins anim\u00e9s<\/strong> pour Blue Mountain, Claude Halter, Berne. \u00a0 <a href=\"https:\/\/vimeo.com\/183545993\" target=\"_blank\" rel=\"noopener noreferrer\">Edi et le mouton du carton<\/a><br \/>\n<\/span><\/p>\n<p class=\"paragraph_style\"><span class=\"style\"><strong>Musiques de film<\/strong> pour divers courts- et long m\u00e9trages, films documentaires<br \/>\n<\/span><\/p>\n<p class=\"paragraph_style\"><span class=\"style\"><strong>Musique live<\/strong> dans plusieurs spectacles (Th\u00e9\u00e2tre \u00e0 tous les Etages, Th\u00e9\u00e2tre pour le Moment, Po\u00e9sie en Arrosoir, Collectif CTB etc.)<br \/>\n<\/span><\/p>\n<p class=\"paragraph_style\"><strong>Tourn\u00e9e ab 2020<\/strong> : <strong>D\u2019s Heidi und sini Giele<\/strong> avec Heidi Kipfer et Bill Holden, <strong>Vautours de Chant<\/strong> avec Blaise Froidevaux, <strong>T&amp;B<\/strong> avec Bill Holden<\/p>\n<p><strong>Quelques musiques<\/strong> sur \u00a0<a href=\"https:\/\/soundcloud.com\/th-steiger\" target=\"_blank\" rel=\"noopener noreferrer\">SoundCloud<\/a><\/p>\n<p>&nbsp;<\/p>\n<p>&nbsp;<\/p>\n","protected":false},"excerpt":{"rendered":"<p>Guitarre classique ( J\u00f6rg Haller ), percussion ( Tini H\u00e4gler ), solf\u00e8ge au Conservatoire de Berne 1983 &#8211; 2010\u00a0 angklung &#8211; duo, spectacle musical avec Georg Wiesmann autour d&#8217; instruments en bambou, cr\u00e9es par Georg. Tourn\u00e9es en Suisse et en Europe pendant 27 ans \u00a0\u00a0\u00a0EntreVues Bruxelles 97\u00a0\u00a0 &#8211;\u00a0\u00a0 gwtubes D\u00e8s 1986 musique de th\u00e9\u00e2tre pour, [&hellip;]<\/p>\n","protected":false},"author":1,"featured_media":0,"parent":0,"menu_order":0,"comment_status":"closed","ping_status":"closed","template":"","meta":{"_et_pb_use_builder":"","_et_pb_old_content":"","_uag_custom_page_level_css":"","footnotes":""},"class_list":["post-1264","page","type-page","status-publish","hentry"],"uagb_featured_image_src":{"full":false,"thumbnail":false,"medium":false,"medium_large":false,"large":false,"1536x1536":false,"2048x2048":false,"et-pb-post-main-image":false,"et-pb-post-main-image-fullwidth":false,"et-pb-portfolio-image":false,"et-pb-portfolio-module-image":false,"et-pb-portfolio-image-single":false,"et-pb-gallery-module-image-portrait":false,"et-pb-post-main-image-fullwidth-large":false,"et-pb-image--responsive--desktop":false,"et-pb-image--responsive--tablet":false,"et-pb-image--responsive--phone":false},"uagb_author_info":{"display_name":"thomisteiger_admin","author_link":"https:\/\/www.thomisteiger.ch\/index.php\/author\/thomisteiger_admin\/"},"uagb_comment_info":0,"uagb_excerpt":"Guitarre classique ( J\u00f6rg Haller ), percussion ( Tini H\u00e4gler ), solf\u00e8ge au Conservatoire de Berne 1983 &#8211; 2010\u00a0 angklung &#8211; duo, spectacle musical avec Georg Wiesmann autour d&#8217; instruments en bambou, cr\u00e9es par Georg. Tourn\u00e9es en Suisse et en Europe pendant 27 ans \u00a0\u00a0\u00a0EntreVues Bruxelles 97\u00a0\u00a0 &#8211;\u00a0\u00a0 gwtubes D\u00e8s 1986 musique de th\u00e9\u00e2tre pour,&hellip;","_links":{"self":[{"href":"https:\/\/www.thomisteiger.ch\/index.php\/wp-json\/wp\/v2\/pages\/1264","targetHints":{"allow":["GET"]}}],"collection":[{"href":"https:\/\/www.thomisteiger.ch\/index.php\/wp-json\/wp\/v2\/pages"}],"about":[{"href":"https:\/\/www.thomisteiger.ch\/index.php\/wp-json\/wp\/v2\/types\/page"}],"author":[{"embeddable":true,"href":"https:\/\/www.thomisteiger.ch\/index.php\/wp-json\/wp\/v2\/users\/1"}],"replies":[{"embeddable":true,"href":"https:\/\/www.thomisteiger.ch\/index.php\/wp-json\/wp\/v2\/comments?post=1264"}],"version-history":[{"count":19,"href":"https:\/\/www.thomisteiger.ch\/index.php\/wp-json\/wp\/v2\/pages\/1264\/revisions"}],"predecessor-version":[{"id":3843,"href":"https:\/\/www.thomisteiger.ch\/index.php\/wp-json\/wp\/v2\/pages\/1264\/revisions\/3843"}],"wp:attachment":[{"href":"https:\/\/www.thomisteiger.ch\/index.php\/wp-json\/wp\/v2\/media?parent=1264"}],"curies":[{"name":"wp","href":"https:\/\/api.w.org\/{rel}","templated":true}]}}