{"id":1261,"date":"2019-12-14T14:44:45","date_gmt":"2019-12-14T13:44:45","guid":{"rendered":"https:\/\/www.thomisteiger.ch\/?page_id=1261"},"modified":"2026-01-24T22:15:00","modified_gmt":"2026-01-24T21:15:00","slug":"multimedia-2","status":"publish","type":"page","link":"https:\/\/www.thomisteiger.ch\/index.php\/fr\/multimedia-2\/","title":{"rendered":"Multim\u00e9dia"},"content":{"rendered":"<p><strong>Montage<\/strong> du film documentaire <strong>&#8220;La Boule d&#8217;Or, grandeur d&#8217;un mythe chaux-de-fonnier&#8221;<\/strong> avec Lo\u00efc Degen, une production La Ruche coop\u00e9rative, 2016. \u00a0<a href=\"https:\/\/vimeo.com\/88267771\" target=\"_blank\" rel=\"noopener noreferrer\">Film pilote<\/a><\/p>\n<p><strong>Films<\/strong> pour et avec <strong>Bill Holden, La Sonorie<\/strong>, La Chaux-de-Fonds (2012)\u00a0\u00a0\u00a0<a href=\"http:\/\/www.lasonorie.ch\/site\/do_it\/\" target=\"_blank\" rel=\"noopener noreferrer\">Do it yourself<\/a><\/p>\n<p><strong>Film pour &#8220;entre fiction et r\u00e9alit\u00e9&#8221;<\/strong>, une performance th\u00e9\u00e2trale de M\u00e9diation Culturelle, November 2011 au Th\u00e9\u00e2tre Populaire Romand. Direction: Carine Baillod <a href=\"https:\/\/youtu.be\/KpxBYE8cfIE\" target=\"_blank\" rel=\"noopener noreferrer\">Film du spectacle<\/a><\/p>\n<p><strong>Introduction de l&#8217;exposition &#8220;Kokoschka &#8211; Cabinet de Curiosit\u00e9s&#8221;<\/strong> au Mus\u00e9e des Beaux-Arts La Chaux-de-Fonds. Concept et script: Francine Vuill\u00e8me, Ins (2011)\u00a0\u00a0\u00a0<a href=\"http:\/\/vimeo.com\/61351381\" target=\"_blank\" rel=\"noopener noreferrer\">Film<\/a><\/p>\n<p><strong>Salle IV<\/strong>, mise en images d&#8217;un <strong>texte de Hughes W\u00fclser pour &#8220;La Griffure&#8221;<\/strong> avec Isabelle Meyer et Christiane Margraitner \u00e0 La Chaux-de-Fonds (2003)\u00a0\u00a0\u00a0\u00a0\u00a0\u00a0<a href=\"https:\/\/youtu.be\/e9kjsQgavJc\" target=\"_blank\" rel=\"noopener noreferrer\">Salle VI<\/a><\/p>\n<p><strong>A la recherche de 1982<\/strong>, film cr\u00e9\u00e9 avec Christiane Margraitner pour les 50 ans du Centre de Culture ABC La Chaux-de-Fonds \u00a0 \u00a0 <a href=\"https:\/\/vimeo.com\/217724671\" target=\"_blank\" rel=\"noopener noreferrer\">1982<\/a><\/p>\n<p><strong>Captures de spectacles et montage:<\/strong>\u00a0\u00a0\u00a0\u00a0\u00a0\u00a0\u00a0\u00a0 <a href=\"https:\/\/youtu.be\/MgUWBrEGw7I\" target=\"_blank\" rel=\"noopener noreferrer\">West Side Story<\/a>\u00a0 \u00a0&#8211; \u00a0\u00a0<a href=\"https:\/\/vimeo.com\/120817778\" target=\"_blank\" rel=\"noopener noreferrer\">La Guerre des Corbeaux&#8230;<\/a>\u00a0\u00a0 &#8211;\u00a0\u00a0\u00a0<a href=\"https:\/\/vimeo.com\/84155104\" target=\"_blank\" rel=\"noopener noreferrer\">Foyer moderne<\/a>\u00a0\u00a0\u00a0 &#8211;\u00a0\u00a0\u00a0\u00a0<a href=\"https:\/\/vimeo.com\/user39584545\/tentativededescription\" target=\"_blank\" rel=\"noopener noreferrer\">Tentative<\/a><\/p>\n<p><strong>Pi\u00e8ces radiophoniques :<\/strong> <a href=\"https:\/\/soundcloud.com\/th-steiger\/en-famille-de-jacques-prevert\">En Famille<\/a>\u00a0de Jacques Pr\u00e9vert .\u00a0\u00a0<a href=\"https:\/\/soundcloud.com\/th-steiger\/6-la-laceree\" target=\"_blank\" rel=\"noopener noreferrer\">La Lac\u00e9r\u00e9e<\/a> de Jean-Pierre Bregnard<\/p>\n<p><a href=\"https:\/\/profchantage.ch\/?page_id=1087\" target=\"_blank\" rel=\"noopener\"><strong>Clips<\/strong><\/a> du Professeur Chantage, Trio de Ukul\u00e9l\u00e9, avec Andr\u00e9 Tissot, Jo\u00ebl Rilliot et J\u00e9r\u00f4me Correa ou Olivier Gabus<\/p>\n<p><strong>Photos : <a href=\"https:\/\/www.flickr.com\/photos\/106941095@N07\/\">flickr.com<\/a><\/strong><\/p>\n<p>&nbsp;<\/p>\n<p>&nbsp;<\/p>\n","protected":false},"excerpt":{"rendered":"<p>Montage du film documentaire &#8220;La Boule d&#8217;Or, grandeur d&#8217;un mythe chaux-de-fonnier&#8221; avec Lo\u00efc Degen, une production La Ruche coop\u00e9rative, 2016. \u00a0Film pilote Films pour et avec Bill Holden, La Sonorie, La Chaux-de-Fonds (2012)\u00a0\u00a0\u00a0Do it yourself Film pour &#8220;entre fiction et r\u00e9alit\u00e9&#8221;, une performance th\u00e9\u00e2trale de M\u00e9diation Culturelle, November 2011 au Th\u00e9\u00e2tre Populaire Romand. Direction: Carine [&hellip;]<\/p>\n","protected":false},"author":1,"featured_media":0,"parent":0,"menu_order":0,"comment_status":"closed","ping_status":"closed","template":"","meta":{"_et_pb_use_builder":"","_et_pb_old_content":"","_uag_custom_page_level_css":"","footnotes":""},"class_list":["post-1261","page","type-page","status-publish","hentry"],"uagb_featured_image_src":{"full":false,"thumbnail":false,"medium":false,"medium_large":false,"large":false,"1536x1536":false,"2048x2048":false,"et-pb-post-main-image":false,"et-pb-post-main-image-fullwidth":false,"et-pb-portfolio-image":false,"et-pb-portfolio-module-image":false,"et-pb-portfolio-image-single":false,"et-pb-gallery-module-image-portrait":false,"et-pb-post-main-image-fullwidth-large":false,"et-pb-image--responsive--desktop":false,"et-pb-image--responsive--tablet":false,"et-pb-image--responsive--phone":false},"uagb_author_info":{"display_name":"thomisteiger_admin","author_link":"https:\/\/www.thomisteiger.ch\/index.php\/author\/thomisteiger_admin\/"},"uagb_comment_info":0,"uagb_excerpt":"Montage du film documentaire &#8220;La Boule d&#8217;Or, grandeur d&#8217;un mythe chaux-de-fonnier&#8221; avec Lo\u00efc Degen, une production La Ruche coop\u00e9rative, 2016. \u00a0Film pilote Films pour et avec Bill Holden, La Sonorie, La Chaux-de-Fonds (2012)\u00a0\u00a0\u00a0Do it yourself Film pour &#8220;entre fiction et r\u00e9alit\u00e9&#8221;, une performance th\u00e9\u00e2trale de M\u00e9diation Culturelle, November 2011 au Th\u00e9\u00e2tre Populaire Romand. Direction: Carine&hellip;","_links":{"self":[{"href":"https:\/\/www.thomisteiger.ch\/index.php\/wp-json\/wp\/v2\/pages\/1261","targetHints":{"allow":["GET"]}}],"collection":[{"href":"https:\/\/www.thomisteiger.ch\/index.php\/wp-json\/wp\/v2\/pages"}],"about":[{"href":"https:\/\/www.thomisteiger.ch\/index.php\/wp-json\/wp\/v2\/types\/page"}],"author":[{"embeddable":true,"href":"https:\/\/www.thomisteiger.ch\/index.php\/wp-json\/wp\/v2\/users\/1"}],"replies":[{"embeddable":true,"href":"https:\/\/www.thomisteiger.ch\/index.php\/wp-json\/wp\/v2\/comments?post=1261"}],"version-history":[{"count":19,"href":"https:\/\/www.thomisteiger.ch\/index.php\/wp-json\/wp\/v2\/pages\/1261\/revisions"}],"predecessor-version":[{"id":3834,"href":"https:\/\/www.thomisteiger.ch\/index.php\/wp-json\/wp\/v2\/pages\/1261\/revisions\/3834"}],"wp:attachment":[{"href":"https:\/\/www.thomisteiger.ch\/index.php\/wp-json\/wp\/v2\/media?parent=1261"}],"curies":[{"name":"wp","href":"https:\/\/api.w.org\/{rel}","templated":true}]}}