{"id":1253,"date":"2019-12-14T14:43:10","date_gmt":"2019-12-14T13:43:10","guid":{"rendered":"https:\/\/www.thomisteiger.ch\/?page_id=1253"},"modified":"2026-01-24T22:16:05","modified_gmt":"2026-01-24T21:16:05","slug":"multimedia","status":"publish","type":"page","link":"https:\/\/www.thomisteiger.ch\/index.php\/fr\/multimedia\/","title":{"rendered":"Multimedia"},"content":{"rendered":"<p><strong>Montage<\/strong> mit Lo\u00efc Degen des Dokumentarfilms\u00a0<strong>&#8220;La Boule d&#8217;Or, grandeur d&#8217;un mythe chaux-de-fonnier&#8221;<\/strong>, eine Produktion La Ruche coop\u00e9rative, 2016. <a href=\"https:\/\/vimeo.com\/88267771\" target=\"_blank\" rel=\"noopener noreferrer\">pilote<\/a><\/p>\n<p><strong>Filme<\/strong> f\u00fcr und mit\u00a0<strong>Bill Holden, La Sonorie<\/strong>, La Chaux-de-Fonds (2012)\u00a0\u00a0\u00a0<a href=\"http:\/\/www.lasonorie.ch\/site\/do_it\/\" target=\"_blank\" rel=\"noopener noreferrer\">Do it yourself<\/a><\/p>\n<p><strong>Film f\u00fcr &#8220;entre fiction et r\u00e9alit\u00e9&#8221;<\/strong>, eine Theaterperformance zum Thema M\u00e9diation Culturelle November 2011 im Th\u00e9\u00e2tre Populaire Romand. K\u00fcnstlerische Leitung: Carine Baillod \u00a0\u00a0<a href=\"https:\/\/youtu.be\/KpxBYE8cfIE\" target=\"_blank\" rel=\"noopener noreferrer\">Film<\/a><\/p>\n<p><strong>Einf\u00fchrungsfilm f\u00fcr die Ausstellung &#8220;Kokoschka &#8211; Cabinet de Curiosit\u00e9s&#8221;<\/strong> im Kunstmuseum La Chaux-de-Fonds. Konzept und Skript: Francine Vuill\u00e8me, Ins (2011)\u00a0\u00a0\u00a0<a href=\"http:\/\/vimeo.com\/61351381\" target=\"_blank\" rel=\"noopener noreferrer\">Film<\/a><\/p>\n<p><strong>Salle IV<\/strong>, Verfilmung eines <strong>Textes von Hughes W\u00fclser f\u00fcr &#8220;La Griffure&#8221;<\/strong> mit Isabelle Meyer und Christiane Margraitner in La Chaux-de-Fonds (2003)\u00a0\u00a0\u00a0\u00a0\u00a0\u00a0<a href=\"https:\/\/youtu.be\/e9kjsQgavJc\" target=\"_blank\" rel=\"noopener noreferrer\">Salle VI<\/a><\/p>\n<p><strong>A la recherche de 1982<\/strong>, Film co-realisiert mit Christiane Margraitner f\u00fcr 50 Jahre Centre de Culture ABC La Chaux-de-Fonds \u00a0 \u00a0 <a href=\"https:\/\/vimeo.com\/217724671\" target=\"_blank\" rel=\"noopener noreferrer\">1982<\/a><\/p>\n<p><strong>Diverse Theatermitschnitte und Montage<\/strong>:\u00a0\u00a0\u00a0\u00a0\u00a0\u00a0 <a href=\"https:\/\/youtu.be\/MgUWBrEGw7I\" target=\"_blank\" rel=\"noopener noreferrer\">West Side Story<\/a> \u00a0&#8211; \u00a0\u00a0<a href=\"https:\/\/vimeo.com\/120817778\" target=\"_blank\" rel=\"noopener noreferrer\">La Guerre des Corbeaux&#8230;<\/a>\u00a0\u00a0 &#8211;\u00a0\u00a0\u00a0<a href=\"https:\/\/vimeo.com\/84155104\" target=\"_blank\" rel=\"noopener noreferrer\">Foyer moderne<\/a>\u00a0\u00a0\u00a0 &#8211;\u00a0\u00a0\u00a0\u00a0<a href=\"https:\/\/vimeo.com\/user39584545\/tentativededescription\" target=\"_blank\" rel=\"noopener noreferrer\">Tentative<\/a><\/p>\n<p><strong>H\u00f6rspiele<\/strong>\u00a0: <a href=\"https:\/\/soundcloud.com\/th-steiger\/en-famille-de-jacques-prevert\">En Famille<\/a>\u00a0de Jacques Pr\u00e9vert (franz\u00f6sisch) .\u00a0\u00a0<a href=\"https:\/\/soundcloud.com\/th-steiger\/6-la-laceree\" target=\"_blank\" rel=\"noopener noreferrer\">La Lac\u00e9r\u00e9e<\/a> de Jean-Pierre Bregnard (franz\u00f6sich)<\/p>\n<p><a href=\"https:\/\/profchantage.ch\/?page_id=1087\" target=\"_blank\" rel=\"noopener\"><strong>Clips<\/strong><\/a>\u00a0f\u00fcr Professeur Chantage, Ukulele-Trio, mit Andr\u00e9 Tissot, Jo\u00ebl Rilliot und Olivier Gabus<\/p>\n<p><strong>Fotos :<\/strong> <a href=\"https:\/\/www.flickr.com\/photos\/106941095@N07\/\">fl<strong>ickr.com<\/strong><\/a><\/p>\n<p>&nbsp;<\/p>\n<p>&nbsp;<\/p>\n","protected":false},"excerpt":{"rendered":"<p>Montage mit Lo\u00efc Degen des Dokumentarfilms\u00a0&#8220;La Boule d&#8217;Or, grandeur d&#8217;un mythe chaux-de-fonnier&#8221;, eine Produktion La Ruche coop\u00e9rative, 2016. pilote Filme f\u00fcr und mit\u00a0Bill Holden, La Sonorie, La Chaux-de-Fonds (2012)\u00a0\u00a0\u00a0Do it yourself Film f\u00fcr &#8220;entre fiction et r\u00e9alit\u00e9&#8221;, eine Theaterperformance zum Thema M\u00e9diation Culturelle November 2011 im Th\u00e9\u00e2tre Populaire Romand. K\u00fcnstlerische Leitung: Carine Baillod \u00a0\u00a0Film Einf\u00fchrungsfilm [&hellip;]<\/p>\n","protected":false},"author":1,"featured_media":0,"parent":0,"menu_order":0,"comment_status":"closed","ping_status":"closed","template":"","meta":{"_et_pb_use_builder":"","_et_pb_old_content":"","_uag_custom_page_level_css":"","footnotes":""},"class_list":["post-1253","page","type-page","status-publish","hentry"],"uagb_featured_image_src":{"full":false,"thumbnail":false,"medium":false,"medium_large":false,"large":false,"1536x1536":false,"2048x2048":false,"et-pb-post-main-image":false,"et-pb-post-main-image-fullwidth":false,"et-pb-portfolio-image":false,"et-pb-portfolio-module-image":false,"et-pb-portfolio-image-single":false,"et-pb-gallery-module-image-portrait":false,"et-pb-post-main-image-fullwidth-large":false,"et-pb-image--responsive--desktop":false,"et-pb-image--responsive--tablet":false,"et-pb-image--responsive--phone":false},"uagb_author_info":{"display_name":"thomisteiger_admin","author_link":"https:\/\/www.thomisteiger.ch\/index.php\/author\/thomisteiger_admin\/"},"uagb_comment_info":0,"uagb_excerpt":"Montage mit Lo\u00efc Degen des Dokumentarfilms\u00a0&#8220;La Boule d&#8217;Or, grandeur d&#8217;un mythe chaux-de-fonnier&#8221;, eine Produktion La Ruche coop\u00e9rative, 2016. pilote Filme f\u00fcr und mit\u00a0Bill Holden, La Sonorie, La Chaux-de-Fonds (2012)\u00a0\u00a0\u00a0Do it yourself Film f\u00fcr &#8220;entre fiction et r\u00e9alit\u00e9&#8221;, eine Theaterperformance zum Thema M\u00e9diation Culturelle November 2011 im Th\u00e9\u00e2tre Populaire Romand. K\u00fcnstlerische Leitung: Carine Baillod \u00a0\u00a0Film Einf\u00fchrungsfilm&hellip;","_links":{"self":[{"href":"https:\/\/www.thomisteiger.ch\/index.php\/wp-json\/wp\/v2\/pages\/1253","targetHints":{"allow":["GET"]}}],"collection":[{"href":"https:\/\/www.thomisteiger.ch\/index.php\/wp-json\/wp\/v2\/pages"}],"about":[{"href":"https:\/\/www.thomisteiger.ch\/index.php\/wp-json\/wp\/v2\/types\/page"}],"author":[{"embeddable":true,"href":"https:\/\/www.thomisteiger.ch\/index.php\/wp-json\/wp\/v2\/users\/1"}],"replies":[{"embeddable":true,"href":"https:\/\/www.thomisteiger.ch\/index.php\/wp-json\/wp\/v2\/comments?post=1253"}],"version-history":[{"count":19,"href":"https:\/\/www.thomisteiger.ch\/index.php\/wp-json\/wp\/v2\/pages\/1253\/revisions"}],"predecessor-version":[{"id":3835,"href":"https:\/\/www.thomisteiger.ch\/index.php\/wp-json\/wp\/v2\/pages\/1253\/revisions\/3835"}],"wp:attachment":[{"href":"https:\/\/www.thomisteiger.ch\/index.php\/wp-json\/wp\/v2\/media?parent=1253"}],"curies":[{"name":"wp","href":"https:\/\/api.w.org\/{rel}","templated":true}]}}