{"id":1250,"date":"2019-12-14T14:42:52","date_gmt":"2019-12-14T13:42:52","guid":{"rendered":"https:\/\/www.thomisteiger.ch\/?page_id=1250"},"modified":"2026-01-05T14:05:01","modified_gmt":"2026-01-05T13:05:01","slug":"theater","status":"publish","type":"page","link":"https:\/\/www.thomisteiger.ch\/index.php\/theater\/","title":{"rendered":"Theater"},"content":{"rendered":"<p>1980 &#8211; 82\u00a0<strong>Mime Bern<\/strong> unter der Leitung von Ernst Georg B\u00f6ttger, Konservatorium Bern<\/p>\n<p>1982 &#8211; 92 Th\u00e9\u00e2tre pour le Moment Bern: <strong>Kuboa, Hamlet, Ch\u00e2teaux en Espagne, Am\u00e9, Elf, Le Silence, wenn kein Zug f\u00e4hrt<\/strong>. Regie: Dominique Bourquin<\/p>\n<p>1987 Th\u00e9\u00e2tre \u201ea\u201c Lausanne, &#8220;<strong>Les Papiers de l\u2018Enfer<\/strong>&#8220;. Regie: Philippe Jeanloz<\/p>\n<p>1997 \/ 92<span class=\"Apple-converted-space\">\u00a0 <\/span><strong>Love Stories \/ Opus d\u2018Eux,<\/strong> Eigenkreationen mit Christiane Margraitner.<\/p>\n<p>1989 <strong>Au Th\u00e9\u00e2tre ce soir: Ph\u00e8dre<\/strong>. Th\u00e9\u00e2tre des Gens Neuch\u00e2tel. Regie: Dominique Bourquin<\/p>\n<p>1999 &#8220;<strong>Pas de Cinq<\/strong>&#8220;, Musiktheater, KollektivKreation<\/p>\n<p>2008 \/ 11 <strong>Po\u00e9sie en Arrosoir<\/strong>, Evologia,\u00a0 Cernier. Regie: Dominique Bourquin<\/p>\n<p>2011 &#8220;<strong>La Fille bien Gard\u00e9e<\/strong>&#8221; de Eug\u00e8ne Labiche, Th\u00e9\u00e2tre \u00e0 tous les Etages NE\u00a0\u00a0\u00a0\u00a0\u00a0\u00a0\u00a0\u00a0<strong><a href=\"http:\/\/vimeo.com\/52458602\" target=\"_blank\" rel=\"noopener noreferrer\">Rock&#8217;m&#8217;Bole<\/a><\/strong><\/p>\n<p>2012 &#8220;<strong>Les Seigneurs de la Rue<\/strong>&#8221; de Magalie Herbert, Th\u00e9\u00e2tre \u00e0 tous les Etages NE, Regie: Sylvie Girardin \u00a0 \u00a0\u00a0<strong><a href=\"http:\/\/vimeo.com\/user17387093\/seigneursdelarue\" target=\"_blank\" rel=\"noopener noreferrer\">Trailer<\/a>\u00a0<\/strong><\/p>\n<p>2013\u00a0Po\u00e9sie en Arrosoir: &#8220;<strong>Infiniment?<\/strong>&#8221;<\/p>\n<p>2014 &#8220;<strong>Der Tribun<\/strong>&#8220;, Mauricio Kagel, Temple Allemand CdF par les CMC<\/p>\n<p>2014\u00a0Po\u00e9sie en Arrosoir: &#8220;<strong>Un Pr\u00e9vert, des jardins&#8230;<\/strong>&#8221; Tournee: August 2015<\/p>\n<p>2014 &#8220;<strong>Ronja, R\u00e4ubertochter<\/strong>&#8220;, Th\u00e9\u00e2tre de la Grenouille, Biel<\/p>\n<p>2015\u00a0Tournee &#8220;<strong>Ronja R\u00e4ubertochter<\/strong>&#8221; und &#8220;Un Pr\u00e9vert, des jardins&#8221;.<\/p>\n<p>2015\u00a0&#8220;<strong>La Paix Perp\u00e9tuelle<\/strong>&#8221; von Juan Mayorga, Cie Projet Icare. Regie: Muriel Matile.<span class=\"Apple-converted-space\">\u00a0<\/span><\/p>\n<p>2016 &#8220;<strong>La v\u00e9ritable histoire du Dahu \u00e0 poil dru<\/strong>&#8220;, Musical von Steve Muriset. Regie: Christophe Bugnon, musikalische Leitung: Steve Muriset. \u00a0\u00a0\u00a0\u00a0\u00a0\u00a0\u00a0\u00a0\u00a0\u00a0\u00a0\u00a0\u00a0\u00a0<strong>\u00a0<a href=\"https:\/\/www.youtube.com\/watch?v=DxnqI1L9Ub0\" target=\"_blank\" rel=\"noopener noreferrer\">Clip<\/a><\/strong><\/p>\n<p>2016 &#8220;<strong>West Side Story<\/strong>&#8221; par Evaprod, Temple de l&#8217;Abeille CdF \u00a0 \u00a0 \u00a0<strong> \u00a0<a href=\"https:\/\/youtu.be\/MgUWBrEGw7I\" target=\"_blank\" rel=\"noopener noreferrer\">Clip<\/a><\/strong><\/p>\n<p>2016<span class=\"Apple-converted-space\">\u00a0 <\/span>&#8220;<strong>Si vous avez le temps, venez avec nous<\/strong>&#8221; Spektakel mit Blaise Froidevaux und Christiane Margraitner im Th\u00e9\u00e2tre du Concert Neuch\u00e2tel<\/p>\n<p>2017\u00a0 &#8220;<strong>La Mal\u00e9diction du Canard<\/strong>&#8221; Circo Bello, Text und Regie: Steve Muriset. Le concierge<\/p>\n<p>2017 \u00a0&#8220;<strong>Le pass\u00e9 est encore \u00e0 venir<\/strong>&#8220;, Po\u00e9sie en Arrosoir, Regie: D. Bourquin<\/p>\n<p>2018<span class=\"Apple-converted-space\">\u00a0 <\/span>&#8220;<strong>Les Tas de(s) Choses<\/strong>&#8220;, mit Blaise Froidevaux und Christiane Margraitner im Th\u00e9\u00e2tre du Concert Neuch\u00e2tel<\/p>\n<p>2018 <strong>Tout le Toutim, Histoires sans Pattes,<\/strong> Vincent Held improvisiert Geschichten, musikalisch untermalt vonThomas.Steiger. Plage des 6 pompes La Chaux-de-Fonds, L&#8217;Echandole, Yverdon 2019 und F\u00eate du Th\u00e9\u00e2tre im Pommier Neuch\u00e2tel 2022 .<\/p>\n<p>2019 &#8220;<strong>D&#8217;s Heidi und sini Giele<\/strong>&#8221; mit Heidi Kipfer und Bill Holden. Musikspektakel mit Chansons von Mani Matter und Georges Brassens. Regie: Dominique Bourquin <strong><a href=\"https:\/\/www.thomisteiger.ch\/index.php\/fr\/ds-heidi-und-sini-giele\/\">Infos<\/a><\/strong><\/p>\n<p>2019 &#8220;<strong>Vautours de Chant<\/strong>&#8220;, chanson fran\u00e7aise, italienne und suisse-allemande th\u00e9\u00e2tralis\u00e9e, mit Blaise Froidevaux, Ton und Licht : Matthias Mermod <strong><a href=\"https:\/\/vimeo.com\/375434076?fl=pl&amp;fe=sh\" target=\"_blank\" rel=\"noopener\">Extrait<\/a><\/strong><\/p>\n<p>2021 \u00ab\u00a0<strong>c-\u03a9-n-t-\u03b1-c-t\u00a0<\/strong>\u00bb, Covid-Kompatibles Freilufttheater von Samuel Sen\u00e9 abwechselnd mit Juliette Verneray, Carole Schafroth, Yves Adam und Thomas Steiger<\/p>\n<p>2021 \u00ab <strong>Si \u00e7a continue faudra qu\u2019\u00e7a cesse<\/strong> \u00bb, Collectif CTB mit Christiane Margraitner und Blaise Froidevaux im Th\u00e9\u00e2tre du Concert Neuch\u00e2tel <strong><a href=\"https:\/\/www.thomisteiger.ch\/index.php\/ctb\/\">Infos<\/a><\/strong><\/p>\n<p>2021 &#8220;<strong>Le Vicomte Pourfendu<\/strong>&#8220;, mit Roberto Molo. Cie Rust Roest Kollektif. Autor: Domenico Carli nach Italo Calvino. Regie: Sandro de Feo Kreation: CCN-Le Pommier Neuch\u00e2tel. Weitere Spielorte: Maison des Arts du L\u00e9man Thonon; Th\u00e9\u00e2tre de l&#8217;Oriental Vevey; Temple Allemand La Chaux-de-Fonds. Role : Dr. Trewlaney und der Musiker<\/p>\n<p>2022 &#8220;<strong>En vrac et toc !<\/strong>&#8220;.\u00a0Un spectacle pour entendre tout ce que Dominique Bourquin a toujours voulu vous dire sans que vous osiez le lui demander ! Et toc !\u00a0Conception, jeu : <b>Dominique Bourquin \u00a0<\/b>Jeu, musique : <b>Thomas Steiger \u00a0<\/b>Mise en sc\u00e8ne et lumi\u00e8re : <b>Dominique Dardant. <\/b>Premi\u00e8re juillet 2022 \u00e0 Po\u00e9sie en Arrosoir, Evologia Cernier. Aufzeichnung vom 17.12.2022 im ABC La Chaux-de-Fonds : <strong>\u00a0<a href=\"https:\/\/www.youtube.com\/watch?v=f_0LMI4sADo\" target=\"_blank\" rel=\"noopener\">https:\/\/www.youtube.com\/watch?v=f_0LMI4sADo<\/a><\/strong><\/p>\n<p>2023 <strong>Theaterforum : Staging Age 1 und 2<\/strong>, M\u00e4rz und Oktober 2023 au Th\u00e9\u00e2tre de l&#8217;ABC La Chaux-de-Fonds. Th\u00e9\u00e2tre de la Connaissance, Text und Regie Nicolas Yazgi, mit Sophie Pasquet-Racine, Christiane Margraitner, Viviane Thiebaud, Jean-Yves Pidoux, Etienne Fague und Didier Chiffelle. Eine Erkundung des Alterns in der Gesellschaft. <strong>Vacarme, le Tsunami gris<\/strong>, Sendung RTS \u00fcber die 1. Auff\u00fchrung im M\u00e4rz :<strong>\u00a0<a href=\"https:\/\/www.rts.ch\/audio-podcast\/2023\/audio\/vieillesse-2-5-le-tsunami-gris-26165710.html\">Vacarme, le Tsunami gris<\/a><\/strong><\/p>\n<p>2023 : <strong>De l\u2019enfer au clocher,<\/strong> Lesung mit &#8220;l&#8217;association 1000m d&#8217;auteur.e.s&#8221;, Bibliothek der Stadt La Chaux-de-Fonds. Mit Dominique Bourquin und Babtiste Vurlod. \u00a0 \u00a0 \u00a0 \u00a0 \u00a0WebSeite 1000m d&#8217;auteur.e.s :<strong> <a href=\"https:\/\/1000metresdauteur-e-s.com\/\" target=\"_blank\" rel=\"noopener\">https:\/\/1000metresdauteur-e-s.com<\/a><\/strong><\/p>\n<p>2024 :<strong> Le Roi de Prusse au Brenets, le Retour, <\/strong>Text: Mireille Grosjean, avec la Reine Christiane Margraitner<\/p>\n<p>2025 : <strong>Ajustements, <\/strong>Th\u00e9\u00e2tre de la connaissance, Text und Regie: Nicolas Yazgi. Mit Sophie Pasquet-Racine, Christiane Margraitner, Etienne Fague, Didier Chiffelle, Jean-Yves Pidoux und Thomas Steiger ( Schauspiel und Musik ) <a href=\"https:\/\/www.thomisteiger.ch\/index.php\/programme-assemblage\/\" target=\"_blank\" rel=\"noopener\"><strong>Programm<\/strong><\/a><\/p>\n<p>&nbsp;<\/p>\n<p>&nbsp;<\/p>\n<p>&nbsp;<\/p>\n<p>&nbsp;<\/p>\n","protected":false},"excerpt":{"rendered":"<p>1980 &#8211; 82\u00a0Mime Bern unter der Leitung von Ernst Georg B\u00f6ttger, Konservatorium Bern 1982 &#8211; 92 Th\u00e9\u00e2tre pour le Moment Bern: Kuboa, Hamlet, Ch\u00e2teaux en Espagne, Am\u00e9, Elf, Le Silence, wenn kein Zug f\u00e4hrt. Regie: Dominique Bourquin 1987 Th\u00e9\u00e2tre \u201ea\u201c Lausanne, &#8220;Les Papiers de l\u2018Enfer&#8220;. Regie: Philippe Jeanloz 1997 \/ 92\u00a0 Love Stories \/ Opus [&hellip;]<\/p>\n","protected":false},"author":1,"featured_media":0,"parent":0,"menu_order":0,"comment_status":"closed","ping_status":"closed","template":"","meta":{"_et_pb_use_builder":"","_et_pb_old_content":"","_uag_custom_page_level_css":"","footnotes":""},"class_list":["post-1250","page","type-page","status-publish","hentry"],"uagb_featured_image_src":{"full":false,"thumbnail":false,"medium":false,"medium_large":false,"large":false,"1536x1536":false,"2048x2048":false,"et-pb-post-main-image":false,"et-pb-post-main-image-fullwidth":false,"et-pb-portfolio-image":false,"et-pb-portfolio-module-image":false,"et-pb-portfolio-image-single":false,"et-pb-gallery-module-image-portrait":false,"et-pb-post-main-image-fullwidth-large":false,"et-pb-image--responsive--desktop":false,"et-pb-image--responsive--tablet":false,"et-pb-image--responsive--phone":false},"uagb_author_info":{"display_name":"thomisteiger_admin","author_link":"https:\/\/www.thomisteiger.ch\/index.php\/author\/thomisteiger_admin\/"},"uagb_comment_info":0,"uagb_excerpt":"1980 &#8211; 82\u00a0Mime Bern unter der Leitung von Ernst Georg B\u00f6ttger, Konservatorium Bern 1982 &#8211; 92 Th\u00e9\u00e2tre pour le Moment Bern: Kuboa, Hamlet, Ch\u00e2teaux en Espagne, Am\u00e9, Elf, Le Silence, wenn kein Zug f\u00e4hrt. Regie: Dominique Bourquin 1987 Th\u00e9\u00e2tre \u201ea\u201c Lausanne, &#8220;Les Papiers de l\u2018Enfer&#8220;. Regie: Philippe Jeanloz 1997 \/ 92\u00a0 Love Stories \/ Opus&hellip;","_links":{"self":[{"href":"https:\/\/www.thomisteiger.ch\/index.php\/wp-json\/wp\/v2\/pages\/1250","targetHints":{"allow":["GET"]}}],"collection":[{"href":"https:\/\/www.thomisteiger.ch\/index.php\/wp-json\/wp\/v2\/pages"}],"about":[{"href":"https:\/\/www.thomisteiger.ch\/index.php\/wp-json\/wp\/v2\/types\/page"}],"author":[{"embeddable":true,"href":"https:\/\/www.thomisteiger.ch\/index.php\/wp-json\/wp\/v2\/users\/1"}],"replies":[{"embeddable":true,"href":"https:\/\/www.thomisteiger.ch\/index.php\/wp-json\/wp\/v2\/comments?post=1250"}],"version-history":[{"count":31,"href":"https:\/\/www.thomisteiger.ch\/index.php\/wp-json\/wp\/v2\/pages\/1250\/revisions"}],"predecessor-version":[{"id":3824,"href":"https:\/\/www.thomisteiger.ch\/index.php\/wp-json\/wp\/v2\/pages\/1250\/revisions\/3824"}],"wp:attachment":[{"href":"https:\/\/www.thomisteiger.ch\/index.php\/wp-json\/wp\/v2\/media?parent=1250"}],"curies":[{"name":"wp","href":"https:\/\/api.w.org\/{rel}","templated":true}]}}