{"id":1244,"date":"2019-12-14T14:39:58","date_gmt":"2019-12-14T13:39:58","guid":{"rendered":"https:\/\/www.thomisteiger.ch\/?page_id=1244"},"modified":"2026-01-05T14:07:09","modified_gmt":"2026-01-05T13:07:09","slug":"links","status":"publish","type":"page","link":"https:\/\/www.thomisteiger.ch\/index.php\/links\/","title":{"rendered":"Links"},"content":{"rendered":"<p>[et_pb_section fb_built=&#8221;1&#8243; admin_label=&#8221;section&#8221; _builder_version=&#8221;3.22&#8243;][et_pb_row admin_label=&#8221;row&#8221; _builder_version=&#8221;3.25&#8243; background_size=&#8221;initial&#8221; background_position=&#8221;top_left&#8221; background_repeat=&#8221;repeat&#8221;][et_pb_column type=&#8221;4_4&#8243; _builder_version=&#8221;3.25&#8243; custom_padding=&#8221;|||&#8221; custom_padding__hover=&#8221;|||&#8221;][et_pb_text admin_label=&#8221;Text&#8221; _builder_version=&#8221;3.27.4&#8243; background_size=&#8221;initial&#8221; background_position=&#8221;top_left&#8221; background_repeat=&#8221;repeat&#8221;]<\/p>\n<p><strong style=\"font-size: 15px;\"><a title=\"http:\/\/www.gwtubes.ch\" href=\"http:\/\/www.gwtubes.ch\/\" target=\"_blank\" rel=\"noopener noreferrer\">GWTubes<\/a><\/strong><span style=\"font-size: 15px;\">\u00a0 \u00a0 \u00a0 \u00a0 \u00a0 \u00a0 \u00a0 Das neue Spektakel meines angklung-duo &#8211; Partners<\/span><\/p>\n<p><strong><a title=\"http:\/\/www.lasonorie.ch\" href=\"http:\/\/www.lasonorie.ch\/\" target=\"_blank\" rel=\"noopener noreferrer\">la sonorie<\/a><\/strong>\u00a0 \u00a0 \u00a0 \u00a0 \u00a0 \u00a0 \u00a0 Bill Holden, great musician und Instrumente-Bastler<\/p>\n<p><strong><a title=\"http:\/\/www.comedien.ch\/f\/2205\/christianemargraitner\/fiche_comedien.php\" href=\"https:\/\/www.comedien.ch\/comediens\/christiane-margraitner\/\" target=\"_blank\" rel=\"noopener noreferrer\">Christiane Margraitner<\/a><\/strong>\u00a0 \u00a0 \u00a0Schauspielerin und Regisseurin<\/p>\n<p><strong><a href=\"http:\/\/lacave.zone\" target=\"_blank\" rel=\"noopener noreferrer\">la cave<\/a><\/strong>\u00a0 \u00a0 \u00a0 \u00a0 \u00a0 \u00a0 \u00a0 \u00a0 \u00a0 \u00a0Coop\u00e9rative audio visuelle d&#8217;entraide ( Website under construction )<\/p>\n<p><strong><a href=\"https:\/\/profchantage.ch\" target=\"_blank\" rel=\"noopener\">Professeur Chantage<\/a><\/strong>\u00a0 \u00a0Ukulele-Trio mit Andr\u00e9 Tissot, Olivier Gabus und Jo\u00ebl Rilliot, clips by Th.Steiger<\/p>\n<p><a href=\"https:\/\/c-o-n-t-a-c-t.fr\/le-spectacle\/\"><span><strong>c-\u03a9-n-t-\u03b1-c-t<\/strong> \u00a0 \u00a0 \u00a0 \u00a0 \u00a0 \u00a0 \u00a0 \u00a0<span style=\"color: #000000;\">\u00a0th\u00e9\u00e2tre d\u00e9ambulatoire covid-compatible de Samuel Sen\u00e9<\/span><\/span><\/a><\/p>\n<p><span><span style=\"color: #000000;\"><strong><a href=\"https:\/\/1000metresdauteur-e-s.com\"><span color=\"#000000\">1000m d&#8217;auteur.e.s<\/span><\/a><\/strong><a href=\"https:\/\/1000metresdauteur-e-s.com\" style=\"color: #000000;\"><span color=\"#000000\">\u00a0 \u00a0 \u00a0<\/span><\/a><a href=\"https:\/\/1000metresdauteur-e-s.com\" style=\"color: #000000;\"><span color=\"#000000\">Lesungen in der Stadt<\/span><\/a><\/span><a href=\"https:\/\/1000metresdauteur-e-s.com\"><span color=\"#000000\">\u00a0<\/span><\/a><span style=\"color: #000000;\"><a href=\"https:\/\/1000metresdauteur-e-s.com\"><span color=\"#000000\"><span style=\"color: #000000;\">La Chaux-de-Fonds<\/span><\/span><\/a><\/span><\/span><\/p>\n<p><span><span style=\"color: #000000;\"><span color=\"#000000\"><span style=\"color: #000000;\"><a href=\"https:\/\/nathanjucker.c\"><strong>Nathan Jucker<\/strong> \u00a0 \u00a0 \u00a0 \u00a0 \u00a0 <\/a>Vielseitiger Audio-Video-K\u00fcnstler, Spezialist in Stop-Motion<\/span><\/span><\/span><\/span><\/p>\n<p>&nbsp;<\/p>\n<p>&nbsp;<\/p>\n<p>&nbsp;<\/p>\n<p>&nbsp;<\/p>\n<p>&nbsp;<\/p>\n<p>&nbsp;<\/p>\n<p>&nbsp;<\/p>\n<p>[\/et_pb_text][\/et_pb_column][\/et_pb_row][\/et_pb_section]<\/p>\n","protected":false},"excerpt":{"rendered":"<p>[et_pb_section fb_built=&#8221;1&#8243; admin_label=&#8221;section&#8221; _builder_version=&#8221;3.22&#8243;][et_pb_row admin_label=&#8221;row&#8221; _builder_version=&#8221;3.25&#8243; background_size=&#8221;initial&#8221; background_position=&#8221;top_left&#8221; background_repeat=&#8221;repeat&#8221;][et_pb_column type=&#8221;4_4&#8243; _builder_version=&#8221;3.25&#8243; custom_padding=&#8221;|||&#8221; custom_padding__hover=&#8221;|||&#8221;][et_pb_text admin_label=&#8221;Text&#8221; _builder_version=&#8221;3.27.4&#8243; background_size=&#8221;initial&#8221; background_position=&#8221;top_left&#8221; background_repeat=&#8221;repeat&#8221;] GWTubes\u00a0 \u00a0 \u00a0 \u00a0 \u00a0 \u00a0 \u00a0 Das neue Spektakel meines angklung-duo &#8211; Partners la sonorie\u00a0 \u00a0 \u00a0 \u00a0 \u00a0 \u00a0 \u00a0 Bill Holden, great musician und Instrumente-Bastler Christiane Margraitner\u00a0 \u00a0 \u00a0Schauspielerin und Regisseurin la cave\u00a0 \u00a0 [&hellip;]<\/p>\n","protected":false},"author":1,"featured_media":0,"parent":0,"menu_order":0,"comment_status":"closed","ping_status":"closed","template":"","meta":{"_et_pb_use_builder":"on","_et_pb_old_content":"<a class=\"class1\" title=\"https:\/\/www.comedien.ch\/comediens\/thomas-steiger\/\" href=\"https:\/\/www.comedien.ch\/comediens\/thomas-steiger\/\" target=\"_blank\" rel=\"noopener noreferrer\">comedien.ch<\/a>\u00a0 \u00a0 \u00a0 \u00a0 \u00a0Myself auf der offiziellen Webseite der Westschweizer Schauspieler\r\n\r\n<a title=\"http:\/\/www.gwtubes.ch\" href=\"http:\/\/www.gwtubes.ch\/\" target=\"_blank\" rel=\"noopener noreferrer\">GWTubes<\/a>\u00a0 \u00a0 \u00a0 \u00a0 \u00a0 \u00a0 \u00a0 Das neue Spektakel meines angklung-duo - Partners\r\n\r\n<a title=\"http:\/\/www.lasonorie.ch\" href=\"http:\/\/www.lasonorie.ch\/\" target=\"_blank\" rel=\"noopener noreferrer\">la sonorie<\/a>\u00a0 \u00a0 \u00a0 \u00a0 \u00a0 \u00a0 \u00a0 Bill Holden, great musician und Instrumente-Bastler\r\n\r\n<a title=\"http:\/\/www.comedien.ch\/f\/2205\/christianemargraitner\/fiche_comedien.php\" href=\"https:\/\/www.comedien.ch\/comediens\/christiane-margraitner\/\" target=\"_blank\" rel=\"noopener noreferrer\">Christiane Margraitner<\/a>\u00a0 \u00a0 \u00a0Schauspielerin und Regisseurin\r\n\r\n<a href=\"http:\/\/lacave.zone\" target=\"_blank\" rel=\"noopener noreferrer\">la cave<\/a>\u00a0 \u00a0 \u00a0 \u00a0 \u00a0 \u00a0 \u00a0 \u00a0 \u00a0 Coop\u00e9rative audio visuelle d'entraide (momentan ausser Betrieb)\r\n\r\n<a href=\"https:\/\/profchantage.ch\" target=\"_blank\" rel=\"noopener\">Professeur Chantage<\/a>\u00a0 \u00a0Ukulele-Trio mit Andr\u00e9 Tissot, Olivier Gabus und Jo\u00ebl Rilliot, clips by Th.Steiger\r\n\r\n\u00a0\r\n\r\n\u00a0\r\n\r\n\u00a0","_uag_custom_page_level_css":"","footnotes":""},"class_list":["post-1244","page","type-page","status-publish","hentry"],"uagb_featured_image_src":{"full":false,"thumbnail":false,"medium":false,"medium_large":false,"large":false,"1536x1536":false,"2048x2048":false,"et-pb-post-main-image":false,"et-pb-post-main-image-fullwidth":false,"et-pb-portfolio-image":false,"et-pb-portfolio-module-image":false,"et-pb-portfolio-image-single":false,"et-pb-gallery-module-image-portrait":false,"et-pb-post-main-image-fullwidth-large":false,"et-pb-image--responsive--desktop":false,"et-pb-image--responsive--tablet":false,"et-pb-image--responsive--phone":false},"uagb_author_info":{"display_name":"thomisteiger_admin","author_link":"https:\/\/www.thomisteiger.ch\/index.php\/author\/thomisteiger_admin\/"},"uagb_comment_info":0,"uagb_excerpt":"[et_pb_section fb_built=&#8221;1&#8243; admin_label=&#8221;section&#8221; _builder_version=&#8221;3.22&#8243;][et_pb_row admin_label=&#8221;row&#8221; _builder_version=&#8221;3.25&#8243; background_size=&#8221;initial&#8221; background_position=&#8221;top_left&#8221; background_repeat=&#8221;repeat&#8221;][et_pb_column type=&#8221;4_4&#8243; _builder_version=&#8221;3.25&#8243; custom_padding=&#8221;|||&#8221; custom_padding__hover=&#8221;|||&#8221;][et_pb_text admin_label=&#8221;Text&#8221; _builder_version=&#8221;3.27.4&#8243; background_size=&#8221;initial&#8221; background_position=&#8221;top_left&#8221; background_repeat=&#8221;repeat&#8221;] GWTubes\u00a0 \u00a0 \u00a0 \u00a0 \u00a0 \u00a0 \u00a0 Das neue Spektakel meines angklung-duo &#8211; Partners la sonorie\u00a0 \u00a0 \u00a0 \u00a0 \u00a0 \u00a0 \u00a0 Bill Holden, great musician und Instrumente-Bastler Christiane Margraitner\u00a0 \u00a0 \u00a0Schauspielerin und Regisseurin la cave\u00a0 \u00a0&hellip;","_links":{"self":[{"href":"https:\/\/www.thomisteiger.ch\/index.php\/wp-json\/wp\/v2\/pages\/1244","targetHints":{"allow":["GET"]}}],"collection":[{"href":"https:\/\/www.thomisteiger.ch\/index.php\/wp-json\/wp\/v2\/pages"}],"about":[{"href":"https:\/\/www.thomisteiger.ch\/index.php\/wp-json\/wp\/v2\/types\/page"}],"author":[{"embeddable":true,"href":"https:\/\/www.thomisteiger.ch\/index.php\/wp-json\/wp\/v2\/users\/1"}],"replies":[{"embeddable":true,"href":"https:\/\/www.thomisteiger.ch\/index.php\/wp-json\/wp\/v2\/comments?post=1244"}],"version-history":[{"count":20,"href":"https:\/\/www.thomisteiger.ch\/index.php\/wp-json\/wp\/v2\/pages\/1244\/revisions"}],"predecessor-version":[{"id":3826,"href":"https:\/\/www.thomisteiger.ch\/index.php\/wp-json\/wp\/v2\/pages\/1244\/revisions\/3826"}],"wp:attachment":[{"href":"https:\/\/www.thomisteiger.ch\/index.php\/wp-json\/wp\/v2\/media?parent=1244"}],"curies":[{"name":"wp","href":"https:\/\/api.w.org\/{rel}","templated":true}]}}