{"id":1217,"date":"2019-12-12T21:23:33","date_gmt":"2019-12-12T20:23:33","guid":{"rendered":"https:\/\/www.thomisteiger.ch\/?page_id=1217"},"modified":"2022-02-06T19:20:20","modified_gmt":"2022-02-06T18:20:20","slug":"francais","status":"publish","type":"page","link":"https:\/\/www.thomisteiger.ch\/index.php\/fr\/francais\/","title":{"rendered":"Activit\u00e9s"},"content":{"rendered":"<p>[et_pb_section fb_built=&#8221;1&#8243; _builder_version=&#8221;3.22&#8243;][et_pb_row _builder_version=&#8221;3.25&#8243; background_size=&#8221;initial&#8221; background_position=&#8221;top_left&#8221; background_repeat=&#8221;repeat&#8221;][et_pb_column type=&#8221;4_4&#8243; _builder_version=&#8221;3.25&#8243; custom_padding=&#8221;|||&#8221; custom_padding__hover=&#8221;|||&#8221;][et_pb_text _builder_version=&#8221;3.27.4&#8243; background_size=&#8221;initial&#8221; background_position=&#8221;top_left&#8221; background_repeat=&#8221;repeat&#8221;]<a href=\"https:\/\/www.thomisteiger.ch\/index.php\/fr\/theatre\/\">Com\u00e9dien<\/a> : th\u00e9\u00e2tre, performances et court-m\u00e9trages<\/p>\n<p><a href=\"https:\/\/www.thomisteiger.ch\/index.php\/fr\/musique\/\">Musique<\/a> : guitare classique et \u00e9lectrique, percussions et musique \u00e9lectronique<\/p>\n<p><a href=\"https:\/\/www.thomisteiger.ch\/index.php\/fr\/film-f\/\">Film :<\/a> \u00a0quelques apparitions comme acteur dans des courts-m\u00e9trages<\/p>\n<p><a href=\"https:\/\/www.thomisteiger.ch\/index.php\/fr\/multimedia-2\/\">Multim\u00e9dia<\/a> : Film (capture et montage), sonorisation de films<\/p>\n<p>&nbsp;<\/p>\n<p><img loading=\"lazy\" decoding=\"async\" class=\"alignnone wp-image-1581\" src=\"https:\/\/www.thomisteiger.ch\/wp-content\/uploads\/2019\/12\/Clodo-article.jpg\" alt=\"\" width=\"418\" height=\"268\" \/><\/p>\n<p>Les Seigneurs de la Rue<\/p>\n<p>&nbsp;<\/p>\n<p>&nbsp;<\/p>\n<p>&nbsp;<br \/>\n[\/et_pb_text][\/et_pb_column][\/et_pb_row][\/et_pb_section]<\/p>\n","protected":false},"excerpt":{"rendered":"<p>[et_pb_section fb_built=&#8221;1&#8243; _builder_version=&#8221;3.22&#8243;][et_pb_row _builder_version=&#8221;3.25&#8243; background_size=&#8221;initial&#8221; background_position=&#8221;top_left&#8221; background_repeat=&#8221;repeat&#8221;][et_pb_column type=&#8221;4_4&#8243; _builder_version=&#8221;3.25&#8243; custom_padding=&#8221;|||&#8221; custom_padding__hover=&#8221;|||&#8221;][et_pb_text _builder_version=&#8221;3.27.4&#8243; background_size=&#8221;initial&#8221; background_position=&#8221;top_left&#8221; background_repeat=&#8221;repeat&#8221;]Com\u00e9dien : th\u00e9\u00e2tre, performances et court-m\u00e9trages Musique : guitare classique et \u00e9lectrique, percussions et musique \u00e9lectronique Film : \u00a0quelques apparitions comme acteur dans des courts-m\u00e9trages Multim\u00e9dia : Film (capture et montage), sonorisation de films &nbsp; Les Seigneurs de la Rue &nbsp; [&hellip;]<\/p>\n","protected":false},"author":1,"featured_media":0,"parent":0,"menu_order":0,"comment_status":"closed","ping_status":"closed","template":"","meta":{"_et_pb_use_builder":"on","_et_pb_old_content":"<p><a href=\"https:\/\/www.thomisteiger.ch\/index.php\/fr\/theatre\/\">Com\u00e9dien<\/a> : th\u00e9\u00e2tre, performances et court-m\u00e9trages<\/p><p><a href=\"https:\/\/www.thomisteiger.ch\/index.php\/fr\/musique\/\">Musique<\/a> : guitare classique et \u00e9lectrique, percussions et musique \u00e9lectronique<\/p><p><a href=\"https:\/\/www.thomisteiger.ch\/index.php\/fr\/film-f\/\">Film :<\/a> \u00a0quelques apparitions comme acteur dans des courts-m\u00e9trages<\/p><p><a href=\"https:\/\/www.thomisteiger.ch\/index.php\/fr\/multimedia-2\/\">Multim\u00e9dia<\/a> : Film (capture et montage), sonorisation de films<\/p><p>\u00a0<\/p><p><img class=\"alignnone wp-image-1581\" src=\"https:\/\/www.thomisteiger.ch\/wp-content\/uploads\/2019\/12\/Clodo-article.jpg\" alt=\"\" width=\"418\" height=\"268\" \/><\/p><p>Les Seigneurs de la Rue<\/p><p>\u00a0<\/p><p>\u00a0<\/p><p>\u00a0<\/p>","_uag_custom_page_level_css":"","footnotes":""},"class_list":["post-1217","page","type-page","status-publish","hentry"],"uagb_featured_image_src":{"full":false,"thumbnail":false,"medium":false,"medium_large":false,"large":false,"1536x1536":false,"2048x2048":false,"et-pb-post-main-image":false,"et-pb-post-main-image-fullwidth":false,"et-pb-portfolio-image":false,"et-pb-portfolio-module-image":false,"et-pb-portfolio-image-single":false,"et-pb-gallery-module-image-portrait":false,"et-pb-post-main-image-fullwidth-large":false,"et-pb-image--responsive--desktop":false,"et-pb-image--responsive--tablet":false,"et-pb-image--responsive--phone":false},"uagb_author_info":{"display_name":"thomisteiger_admin","author_link":"https:\/\/www.thomisteiger.ch\/index.php\/author\/thomisteiger_admin\/"},"uagb_comment_info":0,"uagb_excerpt":"[et_pb_section fb_built=&#8221;1&#8243; _builder_version=&#8221;3.22&#8243;][et_pb_row _builder_version=&#8221;3.25&#8243; background_size=&#8221;initial&#8221; background_position=&#8221;top_left&#8221; background_repeat=&#8221;repeat&#8221;][et_pb_column type=&#8221;4_4&#8243; _builder_version=&#8221;3.25&#8243; custom_padding=&#8221;|||&#8221; custom_padding__hover=&#8221;|||&#8221;][et_pb_text _builder_version=&#8221;3.27.4&#8243; background_size=&#8221;initial&#8221; background_position=&#8221;top_left&#8221; background_repeat=&#8221;repeat&#8221;]Com\u00e9dien : th\u00e9\u00e2tre, performances et court-m\u00e9trages Musique : guitare classique et \u00e9lectrique, percussions et musique \u00e9lectronique Film : \u00a0quelques apparitions comme acteur dans des courts-m\u00e9trages Multim\u00e9dia : Film (capture et montage), sonorisation de films &nbsp; Les Seigneurs de la Rue &nbsp;&hellip;","_links":{"self":[{"href":"https:\/\/www.thomisteiger.ch\/index.php\/wp-json\/wp\/v2\/pages\/1217","targetHints":{"allow":["GET"]}}],"collection":[{"href":"https:\/\/www.thomisteiger.ch\/index.php\/wp-json\/wp\/v2\/pages"}],"about":[{"href":"https:\/\/www.thomisteiger.ch\/index.php\/wp-json\/wp\/v2\/types\/page"}],"author":[{"embeddable":true,"href":"https:\/\/www.thomisteiger.ch\/index.php\/wp-json\/wp\/v2\/users\/1"}],"replies":[{"embeddable":true,"href":"https:\/\/www.thomisteiger.ch\/index.php\/wp-json\/wp\/v2\/comments?post=1217"}],"version-history":[{"count":16,"href":"https:\/\/www.thomisteiger.ch\/index.php\/wp-json\/wp\/v2\/pages\/1217\/revisions"}],"predecessor-version":[{"id":2554,"href":"https:\/\/www.thomisteiger.ch\/index.php\/wp-json\/wp\/v2\/pages\/1217\/revisions\/2554"}],"wp:attachment":[{"href":"https:\/\/www.thomisteiger.ch\/index.php\/wp-json\/wp\/v2\/media?parent=1217"}],"curies":[{"name":"wp","href":"https:\/\/api.w.org\/{rel}","templated":true}]}}