{"id":1207,"date":"2019-12-12T21:12:25","date_gmt":"2019-12-12T20:12:25","guid":{"rendered":"https:\/\/www.thomisteiger.ch\/?page_id=1207"},"modified":"2026-01-05T14:06:12","modified_gmt":"2026-01-05T13:06:12","slug":"test","status":"publish","type":"page","link":"https:\/\/www.thomisteiger.ch\/index.php\/fr\/test\/","title":{"rendered":"Liens"},"content":{"rendered":"<p>[et_pb_section fb_built=&#8221;1&#8243; admin_label=&#8221;section&#8221; _builder_version=&#8221;3.22&#8243; min_height=&#8221;367px&#8221;][et_pb_row admin_label=&#8221;row&#8221; _builder_version=&#8221;3.25&#8243; background_size=&#8221;initial&#8221; background_position=&#8221;top_left&#8221; background_repeat=&#8221;repeat&#8221; min_height=&#8221;385.2px&#8221; custom_margin=&#8221;|auto|2px|auto||&#8221;][et_pb_column type=&#8221;4_4&#8243; _builder_version=&#8221;3.25&#8243; custom_padding=&#8221;|||&#8221; custom_padding__hover=&#8221;|||&#8221;][et_pb_text admin_label=&#8221;Text&#8221; _builder_version=&#8221;3.27.4&#8243; background_size=&#8221;initial&#8221; background_position=&#8221;top_left&#8221; background_repeat=&#8221;repeat&#8221; custom_padding=&#8221;||33px|||&#8221;]<\/p>\n<div id=\"id1\" class=\"style_SkipStroke_1 shape-with-text\">\n<div class=\"text-content graphic_textbox_layout_style_default_External_136_28\">\n<div class=\"graphic_textbox_layout_style_default\">\n<p class=\"paragraph_style\"><strong style=\"font-size: 15px;\"><a title=\"http:\/\/www.gwtubes.ch\" href=\"http:\/\/www.gwtubes.ch\/\" target=\"_blank\" rel=\"noopener noreferrer\">GWTubes<\/a><\/strong><span style=\"font-size: 15px;\">\u00a0 \u00a0 \u00a0 \u00a0 \u00a0 \u00a0 \u00a0 \u00a0 \u00a0 \u00a0 \u00a0 \u00a0 \u00a0 \u00a0le nouveau spectacle de mon ami &#8220;klung fou&#8221;<\/span><\/p>\n<p><strong><a title=\"http:\/\/www.lasonorie.ch\" href=\"http:\/\/www.lasonorie.ch\/\" target=\"_blank\" rel=\"noopener noreferrer\">la sonorie<\/a>\u00a0<\/strong> \u00a0 \u00a0 \u00a0 \u00a0 \u00a0 \u00a0 \u00a0 \u00a0 \u00a0 \u00a0 \u00a0 \u00a0 Bill Holden, great musician et g\u00e9nial bricoleur d&#8217;instruments<\/p>\n<p><strong><a title=\"http:\/\/www.comedien.ch\/f\/2205\/christianemargraitner\/fiche_comedien.php\" href=\"https:\/\/www.comedien.ch\/comediens\/christiane-margraitner\/\" target=\"_blank\" rel=\"noopener noreferrer\">Christiane Margraitner<\/a><\/strong>\u00a0 \u00a0 com\u00e9dienne et metteuse en sc\u00e8ne<\/p>\n<p><strong><a href=\"http:\/\/lacave.zone\" target=\"_blank\" rel=\"noopener noreferrer\">la cave<\/a>\u00a0<\/strong> \u00a0 \u00a0 \u00a0 \u00a0 \u00a0 \u00a0 \u00a0 \u00a0 \u00a0 \u00a0 \u00a0 \u00a0 \u00a0 \u00a0 \u00a0 Coop\u00e9rative audio visuelle d&#8217;entraide ( site web en construction )<\/p>\n<p><strong><a href=\"https:\/\/profchantage.ch\" target=\"_blank\" rel=\"noopener\">Professeur Chantage<\/a><\/strong>\u00a0 \u00a0 \u00a0 Trio de Ukulele avec Andr\u00e9 Tissot, Olivier Gabus et Jo\u00ebl Rilliot, clips film\u00e9s et mont\u00e9s par moi<\/p>\n<p><span style=\"color: #000000;\"><a href=\"https:\/\/c-o-n-t-a-c-t.fr\/le-spectacle\/\" style=\"color: #000000;\"><strong><span style=\"color: #0c71c3;\">c-\u03a9-n-t-\u03b1-c-t\u00a0<\/span><\/strong>\u00a0\u00a0\u00a0\u00a0\u00a0\u00a0\u00a0\u00a0\u00a0\u00a0\u00a0\u00a0\u00a0\u00a0\u00a0\u00a0\u00a0\u00a0\u00a0\u00a0\u00a0<\/a><a href=\"https:\/\/c-o-n-t-a-c-t.fr\/le-spectacle\/\" style=\"color: #000000;\"><\/a><a href=\"https:\/\/c-o-n-t-a-c-t.fr\/le-spectacle\/\" style=\"color: #000000;\">\u00a0th\u00e9\u00e2tre d\u00e9ambulatoire covid-compatible de Samuel Sen\u00e9<\/a><\/span><\/p>\n<p><span style=\"font-size: 15px; background-color: #ffffff;\"><\/span><a href=\"https:\/\/1000metresdauteur-e-s.com\" style=\"font-size: 15px;\"><span style=\"font-size: 15px; background-color: #ffffff;\"><\/span><strong><span color=\"#000000\" style=\"color: #0c71c3;\">1000m d&#8217;auteur.e.s<\/span><\/strong><\/a><a href=\"https:\/\/1000metresdauteur-e-s.com\" style=\"font-size: 15px;\"><span color=\"#000000\" style=\"color: #000000;\"> \u00a0 \u00a0 \u00a0 \u00a0 lectures en ville de La Chaux-de-Fonds<\/span><\/a><\/p>\n<p><a href=\"https:\/\/nathanjucker.c\"><strong>Nathan Jucker<\/strong> \u00a0 \u00a0 \u00a0 \u00a0 \u00a0 \u00a0 \u00a0 \u00a0 \u00a0<\/a>Artiste audio-visuel multiple chaux-de-fonnier, sp\u00e9cialiste en Stop-Motion<a href=\"https:\/\/nathanjucker.c\"> \u00a0<\/a><span color=\"#000000\" style=\"color: #000000;\"><\/span><\/p>\n<p><span><span style=\"color: #000000;\"><\/span><\/span><\/p>\n<\/div>\n<\/div>\n<\/div>\n<p>[\/et_pb_text][\/et_pb_column][\/et_pb_row][\/et_pb_section]<\/p>\n","protected":false},"excerpt":{"rendered":"<p>[et_pb_section fb_built=&#8221;1&#8243; admin_label=&#8221;section&#8221; _builder_version=&#8221;3.22&#8243; min_height=&#8221;367px&#8221;][et_pb_row admin_label=&#8221;row&#8221; _builder_version=&#8221;3.25&#8243; background_size=&#8221;initial&#8221; background_position=&#8221;top_left&#8221; background_repeat=&#8221;repeat&#8221; min_height=&#8221;385.2px&#8221; custom_margin=&#8221;|auto|2px|auto||&#8221;][et_pb_column type=&#8221;4_4&#8243; _builder_version=&#8221;3.25&#8243; custom_padding=&#8221;|||&#8221; custom_padding__hover=&#8221;|||&#8221;][et_pb_text admin_label=&#8221;Text&#8221; _builder_version=&#8221;3.27.4&#8243; background_size=&#8221;initial&#8221; background_position=&#8221;top_left&#8221; background_repeat=&#8221;repeat&#8221; custom_padding=&#8221;||33px|||&#8221;] GWTubes\u00a0 \u00a0 \u00a0 \u00a0 \u00a0 \u00a0 \u00a0 \u00a0 \u00a0 \u00a0 \u00a0 \u00a0 \u00a0 \u00a0le nouveau spectacle de mon ami &#8220;klung fou&#8221; la sonorie\u00a0 \u00a0 \u00a0 \u00a0 \u00a0 \u00a0 \u00a0 \u00a0 \u00a0 \u00a0 \u00a0 [&hellip;]<\/p>\n","protected":false},"author":1,"featured_media":0,"parent":0,"menu_order":0,"comment_status":"closed","ping_status":"closed","template":"","meta":{"_et_pb_use_builder":"on","_et_pb_old_content":"<div id=\"id1\" class=\"style_SkipStroke_1 shape-with-text\">\r\n<div class=\"text-content graphic_textbox_layout_style_default_External_136_28\">\r\n<div class=\"graphic_textbox_layout_style_default\">\r\n<p class=\"paragraph_style\"><a class=\"class1\" title=\"https:\/\/www.comedien.ch\/comediens\/thomas-steiger\/\" href=\"https:\/\/www.comedien.ch\/comediens\/thomas-steiger\/\" target=\"_blank\" rel=\"noopener noreferrer\">comedien.ch<\/a>\u00a0 \u00a0 \u00a0 \u00a0 \u00a0 \u00a0 \u00a0 \u00a0myself sur le site officiel des com\u00e9diens de la suisse romande<\/p>\r\n<a title=\"http:\/\/www.gwtubes.ch\" href=\"http:\/\/www.gwtubes.ch\/\" target=\"_blank\" rel=\"noopener noreferrer\">GWTubes<\/a>\u00a0 \u00a0 \u00a0 \u00a0 \u00a0 \u00a0 \u00a0 \u00a0 \u00a0 \u00a0 le nouveau spectacle de mon ami \"klung fou\"\r\n\r\n<a title=\"http:\/\/www.lasonorie.ch\" href=\"http:\/\/www.lasonorie.ch\/\" target=\"_blank\" rel=\"noopener noreferrer\">la sonorie<\/a>\u00a0 \u00a0 \u00a0 \u00a0 \u00a0 \u00a0 \u00a0 \u00a0 \u00a0 \u00a0 Bill Holden, great musician et g\u00e9nial bricoleur d'instruments\r\n\r\n<a title=\"http:\/\/www.comedien.ch\/f\/2205\/christianemargraitner\/fiche_comedien.php\" href=\"https:\/\/www.comedien.ch\/comediens\/christiane-margraitner\/\" target=\"_blank\" rel=\"noopener noreferrer\">Christiane Margraitner<\/a>\u00a0 \u00a0 \u00a0 \u00a0 \u00a0 \u00a0com\u00e9dienne et metteuse en sc\u00e8ne\r\n\r\n<a href=\"http:\/\/lacave.zone\" target=\"_blank\" rel=\"noopener noreferrer\">la cave<\/a>\u00a0 \u00a0 \u00a0 \u00a0 \u00a0 \u00a0 \u00a0 \u00a0 \u00a0 \u00a0 \u00a0 \u00a0Coop\u00e9rative audio visuelle d'entraide \r\n\r\n<a href=\"https:\/\/profchantage.ch\" target=\"_blank\" rel=\"noopener\">Professeur Chantage<\/a> \u00a0 \u00a0Trio de Ukulele avec Andr\u00e9 Tissot, Olivier Gabus et Jo\u00ebl Rilliot, clips film\u00e9s et mont\u00e9s par moi","_uag_custom_page_level_css":"","footnotes":""},"class_list":["post-1207","page","type-page","status-publish","hentry"],"uagb_featured_image_src":{"full":false,"thumbnail":false,"medium":false,"medium_large":false,"large":false,"1536x1536":false,"2048x2048":false,"et-pb-post-main-image":false,"et-pb-post-main-image-fullwidth":false,"et-pb-portfolio-image":false,"et-pb-portfolio-module-image":false,"et-pb-portfolio-image-single":false,"et-pb-gallery-module-image-portrait":false,"et-pb-post-main-image-fullwidth-large":false,"et-pb-image--responsive--desktop":false,"et-pb-image--responsive--tablet":false,"et-pb-image--responsive--phone":false},"uagb_author_info":{"display_name":"thomisteiger_admin","author_link":"https:\/\/www.thomisteiger.ch\/index.php\/author\/thomisteiger_admin\/"},"uagb_comment_info":0,"uagb_excerpt":"[et_pb_section fb_built=&#8221;1&#8243; admin_label=&#8221;section&#8221; _builder_version=&#8221;3.22&#8243; min_height=&#8221;367px&#8221;][et_pb_row admin_label=&#8221;row&#8221; _builder_version=&#8221;3.25&#8243; background_size=&#8221;initial&#8221; background_position=&#8221;top_left&#8221; background_repeat=&#8221;repeat&#8221; min_height=&#8221;385.2px&#8221; custom_margin=&#8221;|auto|2px|auto||&#8221;][et_pb_column type=&#8221;4_4&#8243; _builder_version=&#8221;3.25&#8243; custom_padding=&#8221;|||&#8221; custom_padding__hover=&#8221;|||&#8221;][et_pb_text admin_label=&#8221;Text&#8221; _builder_version=&#8221;3.27.4&#8243; background_size=&#8221;initial&#8221; background_position=&#8221;top_left&#8221; background_repeat=&#8221;repeat&#8221; custom_padding=&#8221;||33px|||&#8221;] GWTubes\u00a0 \u00a0 \u00a0 \u00a0 \u00a0 \u00a0 \u00a0 \u00a0 \u00a0 \u00a0 \u00a0 \u00a0 \u00a0 \u00a0le nouveau spectacle de mon ami &#8220;klung fou&#8221; la sonorie\u00a0 \u00a0 \u00a0 \u00a0 \u00a0 \u00a0 \u00a0 \u00a0 \u00a0 \u00a0 \u00a0&hellip;","_links":{"self":[{"href":"https:\/\/www.thomisteiger.ch\/index.php\/wp-json\/wp\/v2\/pages\/1207","targetHints":{"allow":["GET"]}}],"collection":[{"href":"https:\/\/www.thomisteiger.ch\/index.php\/wp-json\/wp\/v2\/pages"}],"about":[{"href":"https:\/\/www.thomisteiger.ch\/index.php\/wp-json\/wp\/v2\/types\/page"}],"author":[{"embeddable":true,"href":"https:\/\/www.thomisteiger.ch\/index.php\/wp-json\/wp\/v2\/users\/1"}],"replies":[{"embeddable":true,"href":"https:\/\/www.thomisteiger.ch\/index.php\/wp-json\/wp\/v2\/comments?post=1207"}],"version-history":[{"count":24,"href":"https:\/\/www.thomisteiger.ch\/index.php\/wp-json\/wp\/v2\/pages\/1207\/revisions"}],"predecessor-version":[{"id":3825,"href":"https:\/\/www.thomisteiger.ch\/index.php\/wp-json\/wp\/v2\/pages\/1207\/revisions\/3825"}],"wp:attachment":[{"href":"https:\/\/www.thomisteiger.ch\/index.php\/wp-json\/wp\/v2\/media?parent=1207"}],"curies":[{"name":"wp","href":"https:\/\/api.w.org\/{rel}","templated":true}]}}